{"id":1534,"date":"2015-02-05T05:46:59","date_gmt":"2015-02-05T03:46:59","guid":{"rendered":"http:\/\/www.literaturtelefon-online.de\/?page_id=1534"},"modified":"2015-03-08T19:56:09","modified_gmt":"2015-03-08T17:56:09","slug":"klaus-dieter-brunotte","status":"publish","type":"page","link":"http:\/\/www.literaturtelefon-online.de\/?page_id=1534","title":{"rendered":"Klaus-Dieter Brunotte"},"content":{"rendered":"<div style=\"text-align: justify;\">\nAm 11. M\u00e4rz 2015 j\u00e4hrt sich die Atom- und Umweltkatastrophe von Fukushima zum 4. Mal. Insgesamt waren und sind noch etwa 150.000 Menschen in Japan davon betroffen. Im Jahr 2014 fand in Hannover zur Erinnerung an dieses Ereignis eine international besetzte Kunstausstellung statt, zu der als Begleitbuch vom Lyriker Klaus-Dieter Brunotte das K\u00fcnstlerbuch \u201ekirschbl\u00fctenschnee in fukushima\u201c geschrieben und herausgegeben wurde. Das Buch enth\u00e4lt Lyrik von Brunotte und Fotografiken von Prof. Christoph Rust, Frank Fuhrmann und Wolfgang Jeske. Zu dieser Thematik liest Brunotte am Literaturtelefon unter 0431\/901-8888 und www.literaturtelefon-online.de Gedichte aus diesem Buch, das bei brunotteart 2014 erschienen ist.<\/p>\n<p><!--[if lt IE 9]><script>document.createElement('audio');<\/script><![endif]-->\n<audio class=\"wp-audio-shortcode\" id=\"audio-1534-1\" preload=\"none\" style=\"width: 100%;\" controls=\"controls\"><source type=\"audio\/mpeg\" src=\"http:\/\/www.schwungkunst.de\/literaturtelefon\/klaus-dieter_brunotte_kirschbluetenschnee.mp3?_=1\" \/><a href=\"http:\/\/www.schwungkunst.de\/literaturtelefon\/klaus-dieter_brunotte_kirschbluetenschnee.mp3\">http:\/\/www.schwungkunst.de\/literaturtelefon\/klaus-dieter_brunotte_kirschbluetenschnee.mp3<\/a><\/audio><br \/>\n<br \/>\nKlaus-Dieter Brunotte wurde 1948 in Hannover geboren und lebt abwechselnd in der Region Hannover sowie in List auf Sylt. Von Beruf ehemals 35 Jahre lang Banker, seit \u00fcber 37 Jahren aber Berufung als Schriftsteller und B\u00fcchermacher. Er ver\u00f6ffentlichte Texte in B\u00fcchern, Zeitschriften, im Rundfunk, in Kunstkatalogen, Anthologien und an Lyrik- sowie Literaturtelefonen. Von ihm erschienen bisher 64 bibliophile K\u00fcnstlerb\u00fccher in Zusammenarbeit mit bildenden K\u00fcnstlerinnen und K\u00fcnstlern aus Europa.<\/p>\n<p><img loading=\"lazy\" decoding=\"async\" style=\"margin-left:40px;\" src=\"http:\/\/www.schwungkunst.de\/literaturtelefon\/klaus-dieter_brunotte.jpg\" width=\"140\" height=\"126\" class=\"alignright\" \/><\/p>\n<p>Die B\u00fccher befinden sich in Privatbesitz, Kunstmuseen, \u00f6ffentlichen Bibliotheken und Kunstsammlungen in Deutschland, Europa und \u00dcbersee. 2009 erhielt er vom Nieders\u00e4chsischen Ministerium f\u00fcr Wissenschaft und Kultur ein dreimonatiges Stipendium im K\u00fcnstlerhaus Schreyahn im Wendland.<\/p>\n<p>Am Literaturtelefon Kiel war Brunotte zuletzt im <a href=\"http:\/\/www.literaturtelefon-online.de\/?page_id=422\">Oktober 2012 mit Gedichten zur Thematik \u201eHiroshima\u201c<\/a> zu h\u00f6ren.<\/p>\n<p>Autor: <a href=\"http:\/\/kuenstler.haz.de\/kuenstler\/klaus-dieter-brunotte.html\" target=\"_blank\">http:\/\/kuenstler.haz.de\/kuenstler\/klaus-dieter-brunotte.html<\/a><\/p>\n<p>literaturtelefon-online.de | Telefon: 0431\/901-8888\n<\/p><\/div>\n","protected":false},"excerpt":{"rendered":"<p>Am 11. M\u00e4rz 2015 j\u00e4hrt sich die Atom- und Umweltkatastrophe von Fukushima zum 4. Mal. Insgesamt waren und sind noch etwa 150.000 Menschen in Japan davon betroffen. Im Jahr 2014 fand in Hannover zur Erinnerung an dieses Ereignis eine international besetzte Kunstausstellung statt, zu der als Begleitbuch vom Lyriker Klaus-Dieter Brunotte das K\u00fcnstlerbuch \u201ekirschbl\u00fctenschnee in [&hellip;]<\/p>\n","protected":false},"author":6,"featured_media":0,"parent":1525,"menu_order":2,"comment_status":"open","ping_status":"open","template":"","meta":{"footnotes":""},"class_list":["post-1534","page","type-page","status-publish","hentry"],"_links":{"self":[{"href":"http:\/\/www.literaturtelefon-online.de\/index.php?rest_route=\/wp\/v2\/pages\/1534","targetHints":{"allow":["GET"]}}],"collection":[{"href":"http:\/\/www.literaturtelefon-online.de\/index.php?rest_route=\/wp\/v2\/pages"}],"about":[{"href":"http:\/\/www.literaturtelefon-online.de\/index.php?rest_route=\/wp\/v2\/types\/page"}],"author":[{"embeddable":true,"href":"http:\/\/www.literaturtelefon-online.de\/index.php?rest_route=\/wp\/v2\/users\/6"}],"replies":[{"embeddable":true,"href":"http:\/\/www.literaturtelefon-online.de\/index.php?rest_route=%2Fwp%2Fv2%2Fcomments&post=1534"}],"version-history":[{"count":1,"href":"http:\/\/www.literaturtelefon-online.de\/index.php?rest_route=\/wp\/v2\/pages\/1534\/revisions"}],"predecessor-version":[{"id":1536,"href":"http:\/\/www.literaturtelefon-online.de\/index.php?rest_route=\/wp\/v2\/pages\/1534\/revisions\/1536"}],"up":[{"embeddable":true,"href":"http:\/\/www.literaturtelefon-online.de\/index.php?rest_route=\/wp\/v2\/pages\/1525"}],"wp:attachment":[{"href":"http:\/\/www.literaturtelefon-online.de\/index.php?rest_route=%2Fwp%2Fv2%2Fmedia&parent=1534"}],"curies":[{"name":"wp","href":"https:\/\/api.w.org\/{rel}","templated":true}]}}