{"id":1527,"date":"2015-02-05T04:42:52","date_gmt":"2015-02-05T02:42:52","guid":{"rendered":"http:\/\/www.literaturtelefon-online.de\/?page_id=1527"},"modified":"2015-02-23T17:18:52","modified_gmt":"2015-02-23T15:18:52","slug":"florian-wacker","status":"publish","type":"page","link":"http:\/\/www.literaturtelefon-online.de\/?page_id=1527","title":{"rendered":"Florian Wacker"},"content":{"rendered":"<div style=\"text-align: justify;\">\nAm Literaturtelefon unter 0431\/901-8888 und www.literaturtelefon-online.de liest Florian Wacker aus seinem im mairisch Verlag erschienenen Erz\u00e4hlband \u201eAlbuquerque\u201c. Die Aufnahme entstand im Rahmen der LeseLounge im Literaturhaus Schleswig-Holstein am 4.2.2015.<\/p>\n<p><!--[if lt IE 9]><script>document.createElement('audio');<\/script><![endif]-->\n<audio class=\"wp-audio-shortcode\" id=\"audio-1527-1\" preload=\"none\" style=\"width: 100%;\" controls=\"controls\"><source type=\"audio\/mpeg\" src=\"http:\/\/www.schwungkunst.de\/literaturtelefon\/florian_wacker_albuquerque.mp3?_=1\" \/><a href=\"http:\/\/www.schwungkunst.de\/literaturtelefon\/florian_wacker_albuquerque.mp3\">http:\/\/www.schwungkunst.de\/literaturtelefon\/florian_wacker_albuquerque.mp3<\/a><\/audio><br \/>\n<br \/>\nFlorian Wacker erz\u00e4hlt klassische Kurzgeschichten in der Tradition amerikanischer Ikonen wie William Faulkner oder Richard Yates. Der Erz\u00e4hlband \u201eAlbuquerque\u201c vereint 14 Kurzgeschichten aus dem Alltag mit kuriosem Fortgang: <\/p>\n<p>Der neue Junge setzt im Freibad die genialste Arschbombe aller Zeiten ins Becken, verschwindet danach aber spurlos. Eine Eule heilt die \u00c4ngste eines Busfahrers. In Albuquerque wartet ein alter Trainer auf eine neue H\u00fcfte. Amateurfunker Muffe wird erschlagen. Und w\u00e4hrend Budde in der K\u00fchlhalle der Fleischfabrik arbeitet, schneit es drau\u00dfen. Alle Figuren teilen das gleiche vage Gef\u00fchl: Sie haben eine Vorahnung, dass sich etwas ver\u00e4ndern wird. Und auch wenn die meisten von ihnen einfache Leute sind, Busfahrer, Bauarbeiter, Maler, Pfleger, haben sie doch alle eine Idee davon, was es bedeutet, wirklich intensiv zu leben \u2014 und dass es dazu notwendig sein kann, aus seinem ganz normalen Leben auszusteigen. Und so treffen sie Entscheidungen, die sie f\u00fcr immer beeinflussen werden. Florian Wacker gelingt es, seinen Protagonisten, die alle an einem Scheidepunkt stehen, eine Stimme zu geben, die zugleich traurig, ernst und witzig sein kann.<\/p>\n<p><img loading=\"lazy\" decoding=\"async\" style=\"margin-left:40px;\" src=\"http:\/\/www.schwungkunst.de\/literaturtelefon\/florian_wacker.jpg\" width=\"140\" height=\"190\" class=\"alignright\" \/><\/p>\n<p>Florian Wacker wurde 1980 in Stuttgart geboren und lebt in Frankfurt am Main, wo er neben seiner schriftstellerischen T\u00e4tigkeit als Web-Entwickler und Interface-Designer arbeitet. Nach einer Ausbildung zum Heilerziehungspfleger und einem Studium der Heilp\u00e4dagogik, studierte er am Deutschen Literaturinstitut Leipzig. Er gewann den 3. Preis beim Schw\u00e4bischen Literaturpreis 2013 und belegte beim MDR-Literaturwettbewerb 2010 den 2. Platz.<\/p>\n<p>Autor: <a href=\"http:\/\/www.florianwacker.de\" target=\"_blank\">www.florianwacker.de<\/a><\/p>\n<p>Verlag: <a href=\"http:\/\/www.mairisch.de\/florian-wacker_albuquerque.htm\" target=\"_blank\">mairisch Verlag, Hamburg<\/a><\/p>\n<p>Foto: Melina M\u00f6rsdorf<\/p>\n<p>literaturtelefon-online.de | Telefon: 0431\/901-8888\n<\/p><\/div>\n","protected":false},"excerpt":{"rendered":"<p>Am Literaturtelefon unter 0431\/901-8888 und www.literaturtelefon-online.de liest Florian Wacker aus seinem im mairisch Verlag erschienenen Erz\u00e4hlband \u201eAlbuquerque\u201c. Die Aufnahme entstand im Rahmen der LeseLounge im Literaturhaus Schleswig-Holstein am 4.2.2015. Florian Wacker erz\u00e4hlt klassische Kurzgeschichten in der Tradition amerikanischer Ikonen wie William Faulkner oder Richard Yates. Der Erz\u00e4hlband \u201eAlbuquerque\u201c vereint 14 Kurzgeschichten aus dem Alltag mit [&hellip;]<\/p>\n","protected":false},"author":6,"featured_media":0,"parent":1525,"menu_order":1,"comment_status":"open","ping_status":"open","template":"","meta":{"footnotes":""},"class_list":["post-1527","page","type-page","status-publish","hentry"],"_links":{"self":[{"href":"http:\/\/www.literaturtelefon-online.de\/index.php?rest_route=\/wp\/v2\/pages\/1527","targetHints":{"allow":["GET"]}}],"collection":[{"href":"http:\/\/www.literaturtelefon-online.de\/index.php?rest_route=\/wp\/v2\/pages"}],"about":[{"href":"http:\/\/www.literaturtelefon-online.de\/index.php?rest_route=\/wp\/v2\/types\/page"}],"author":[{"embeddable":true,"href":"http:\/\/www.literaturtelefon-online.de\/index.php?rest_route=\/wp\/v2\/users\/6"}],"replies":[{"embeddable":true,"href":"http:\/\/www.literaturtelefon-online.de\/index.php?rest_route=%2Fwp%2Fv2%2Fcomments&post=1527"}],"version-history":[{"count":6,"href":"http:\/\/www.literaturtelefon-online.de\/index.php?rest_route=\/wp\/v2\/pages\/1527\/revisions"}],"predecessor-version":[{"id":1533,"href":"http:\/\/www.literaturtelefon-online.de\/index.php?rest_route=\/wp\/v2\/pages\/1527\/revisions\/1533"}],"up":[{"embeddable":true,"href":"http:\/\/www.literaturtelefon-online.de\/index.php?rest_route=\/wp\/v2\/pages\/1525"}],"wp:attachment":[{"href":"http:\/\/www.literaturtelefon-online.de\/index.php?rest_route=%2Fwp%2Fv2%2Fmedia&parent=1527"}],"curies":[{"name":"wp","href":"https:\/\/api.w.org\/{rel}","templated":true}]}}