{"id":1519,"date":"2015-02-05T03:11:07","date_gmt":"2015-02-05T01:11:07","guid":{"rendered":"http:\/\/www.literaturtelefon-online.de\/?page_id=1519"},"modified":"2015-02-09T00:17:18","modified_gmt":"2015-02-08T22:17:18","slug":"maruan-paschen","status":"publish","type":"page","link":"http:\/\/www.literaturtelefon-online.de\/?page_id=1519","title":{"rendered":"Maruan Paschen"},"content":{"rendered":"<div style=\"text-align: justify;\">\nAm Literaturtelefon unter 0431\/901-8888 und www.literaturtelefon-online.de liest Maruan Paschen aus seinem bei Matthes &#038; Seitz erschienenen Roman-Deb\u00fct \u201eKai. Eine Internatsgeschichte\u201c. Die Aufnahme entstand im Rahmen der LeseLounge im Literaturhaus Schleswig-Holstein am 4.2.2015.<\/p>\n<p><!--[if lt IE 9]><script>document.createElement('audio');<\/script><![endif]-->\n<audio class=\"wp-audio-shortcode\" id=\"audio-1519-1\" preload=\"none\" style=\"width: 100%;\" controls=\"controls\"><source type=\"audio\/mpeg\" src=\"http:\/\/www.schwungkunst.de\/literaturtelefon\/maruan_paschen_kai.mp3?_=1\" \/><a href=\"http:\/\/www.schwungkunst.de\/literaturtelefon\/maruan_paschen_kai.mp3\">http:\/\/www.schwungkunst.de\/literaturtelefon\/maruan_paschen_kai.mp3<\/a><\/audio><br \/>\n<br \/>\nSchauplatz in dem Deb\u00fct \u201eKai. Eine Internatsgeschichte\u201c von Maruan Paschen ist ein Internatsschloss in den Bergen, in dem unerkl\u00e4rliche Dinge vor sich gehen. Der Erz\u00e4hler berichtet von seiner verst\u00f6renden Ankunft, dem regelbehafteten Internatsleben und von Kai, mit dem ihn bald eine besondere Freundschaft verbindet. Pl\u00f6tzlich ist Kai ohne Grund verschwunden. Maruan Paschen schildert die beklemmende Atmosph\u00e4re, die von dem Erz\u00e4hler Besitz ergreift, und in deren Bann der Leser zum unfreiwilligen Mitwisser d\u00fcsterer Geschehnisse wird.<\/p>\n<p><img loading=\"lazy\" decoding=\"async\" style=\"margin-left:40px;\" src=\"http:\/\/www.schwungkunst.de\/literaturtelefon\/maruan_paschen.jpg\" width=\"140\" height=\"212\" class=\"alignright\" \/><\/p>\n<p>Der deutsch-pal\u00e4stinensische Autor Maruan Paschen wurde 1984 geboren, wuchs in Hamburg auf und lebt und arbeitet heute in Leipzig. Nach einer Ausbildung zum Koch studierte er am Schweizerischen Literaturinstitut in Biel und gewann schon w\u00e4hrend des Studiums den Wiener Exil-Literaturpreis.<\/p>\n<p>Maruan Paschen war zuletzt <a href=\"http:\/\/www.literaturtelefon-online.de\/beitrag-paschen\/beitrag-paschen.php\">im M\u00e4rz 2009 mit einem Poetry-Slam-Text am Literaturtelefon<\/a> zu h\u00f6ren.<\/p>\n<p>Verlag: <a href=\"http:\/\/www.matthes-seitz-berlin.de\/buch\/kai.html\" target=\"_blank\">Matthes &#038; Seitz, Berlin<\/a><\/p>\n<p>Foto: Matthes &#038; Seitz, Berlin<\/p>\n<p>literaturtelefon-online.de | Telefon: 0431\/901-8888\n<\/p><\/div>\n","protected":false},"excerpt":{"rendered":"<p>Am Literaturtelefon unter 0431\/901-8888 und www.literaturtelefon-online.de liest Maruan Paschen aus seinem bei Matthes &#038; Seitz erschienenen Roman-Deb\u00fct \u201eKai. Eine Internatsgeschichte\u201c. Die Aufnahme entstand im Rahmen der LeseLounge im Literaturhaus Schleswig-Holstein am 4.2.2015. Schauplatz in dem Deb\u00fct \u201eKai. Eine Internatsgeschichte\u201c von Maruan Paschen ist ein Internatsschloss in den Bergen, in dem unerkl\u00e4rliche Dinge vor sich gehen. [&hellip;]<\/p>\n","protected":false},"author":6,"featured_media":0,"parent":1506,"menu_order":2,"comment_status":"open","ping_status":"open","template":"","meta":{"footnotes":""},"class_list":["post-1519","page","type-page","status-publish","hentry"],"_links":{"self":[{"href":"http:\/\/www.literaturtelefon-online.de\/index.php?rest_route=\/wp\/v2\/pages\/1519","targetHints":{"allow":["GET"]}}],"collection":[{"href":"http:\/\/www.literaturtelefon-online.de\/index.php?rest_route=\/wp\/v2\/pages"}],"about":[{"href":"http:\/\/www.literaturtelefon-online.de\/index.php?rest_route=\/wp\/v2\/types\/page"}],"author":[{"embeddable":true,"href":"http:\/\/www.literaturtelefon-online.de\/index.php?rest_route=\/wp\/v2\/users\/6"}],"replies":[{"embeddable":true,"href":"http:\/\/www.literaturtelefon-online.de\/index.php?rest_route=%2Fwp%2Fv2%2Fcomments&post=1519"}],"version-history":[{"count":4,"href":"http:\/\/www.literaturtelefon-online.de\/index.php?rest_route=\/wp\/v2\/pages\/1519\/revisions"}],"predecessor-version":[{"id":1523,"href":"http:\/\/www.literaturtelefon-online.de\/index.php?rest_route=\/wp\/v2\/pages\/1519\/revisions\/1523"}],"up":[{"embeddable":true,"href":"http:\/\/www.literaturtelefon-online.de\/index.php?rest_route=\/wp\/v2\/pages\/1506"}],"wp:attachment":[{"href":"http:\/\/www.literaturtelefon-online.de\/index.php?rest_route=%2Fwp%2Fv2%2Fmedia&parent=1519"}],"curies":[{"name":"wp","href":"https:\/\/api.w.org\/{rel}","templated":true}]}}