{"id":1508,"date":"2015-01-28T03:02:28","date_gmt":"2015-01-28T01:02:28","guid":{"rendered":"http:\/\/www.literaturtelefon-online.de\/?page_id=1508"},"modified":"2015-01-28T03:24:11","modified_gmt":"2015-01-28T01:24:11","slug":"mona-harry","status":"publish","type":"page","link":"http:\/\/www.literaturtelefon-online.de\/?page_id=1508","title":{"rendered":"Mona Harry"},"content":{"rendered":"<div style=\"text-align: justify;\">\nAm Literaturtelefon unter der Rufnummer 0431\/901-8888 und auf www.literaturtelefon-online.de liest Mona Harry ihren Slam-Poetry-Text \u201eRauschen\u201c, mit dem sie auch schon in Kiel auftrat. Die Aufnahme entstand bei einer Aufnahmesession f\u00fcr den Literaturpodcast <a href=\"http:\/\/podcastpoesie.de\" target=\"_blank\">podcastpoesie.de<\/a> im August 2014.<\/p>\n<p><!--[if lt IE 9]><script>document.createElement('audio');<\/script><![endif]-->\n<audio class=\"wp-audio-shortcode\" id=\"audio-1508-1\" preload=\"none\" style=\"width: 100%;\" controls=\"controls\"><source type=\"audio\/mpeg\" src=\"http:\/\/www.schwungkunst.de\/literaturtelefon\/mona_harry_rauschen.mp3?_=1\" \/><a href=\"http:\/\/www.schwungkunst.de\/literaturtelefon\/mona_harry_rauschen.mp3\">http:\/\/www.schwungkunst.de\/literaturtelefon\/mona_harry_rauschen.mp3<\/a><\/audio><br \/>\n<br \/>\nDichten ist ein Rausch gegen das Rauschen der Informations-, Bilder- und Wortfluten nicht nur im Netz \u2013 so jedenfalls in Mona Harrys Slam-Text \u201eRauschen\u201c. Dem zuweilen auch auf Poetry-Slam-B\u00fchnen blo\u00dfen Rauschen der Worte und W\u00f6rter setzt sie in diesem Text einen luziden Mix aus genuin lyrischer Reim-Poesie \u00e0 la Eichendorff und durch harsche Schnitte wie im Film collagierter Prosa-Snapshots entgegen.<\/p>\n<p><img loading=\"lazy\" decoding=\"async\" style=\"margin-left:40px;\" src=\"http:\/\/www.schwungkunst.de\/literaturtelefon\/mona_harry.jpg\" width=\"140\" height=\"140\" class=\"alignright\" \/><\/p>\n<p>Mona Harry, geboren 1991 in Hamburg, wohnt und studiert in ihrer Heimatstadt. Ihren ersten Auftritt bestritt sie Ende 2011 und ist seitdem auf Poetry Slam B\u00fchnen im gesamten deutschsprachigen Raum aktiv, \u00f6fter auch schon in Kiel. Seit Ende 2013 ist sie die Veranstalterin und Moderatorin der \u201eThe Pony Poetry Slams\u201c in Hamburg. 2012, 2013 und 2014 nahm sie an den deutschsprachigen Meisterschaften im Poetry Slam teil.<\/p>\n<p>Autorinnenseite bei: <a href=\"http:\/\/www.myslam.net\/de\/slam-poet\/4176\/Mona%20Harry\">myslam.net<\/a><\/p>\n<p>Foto: myslam.net<\/p>\n<p>literaturtelefon-online.de | Telefon: 0431\/901-8888\n<\/p><\/div>\n","protected":false},"excerpt":{"rendered":"<p>Am Literaturtelefon unter der Rufnummer 0431\/901-8888 und auf www.literaturtelefon-online.de liest Mona Harry ihren Slam-Poetry-Text \u201eRauschen\u201c, mit dem sie auch schon in Kiel auftrat. Die Aufnahme entstand bei einer Aufnahmesession f\u00fcr den Literaturpodcast podcastpoesie.de im August 2014. Dichten ist ein Rausch gegen das Rauschen der Informations-, Bilder- und Wortfluten nicht nur im Netz \u2013 so jedenfalls [&hellip;]<\/p>\n","protected":false},"author":6,"featured_media":0,"parent":1506,"menu_order":1,"comment_status":"open","ping_status":"open","template":"","meta":{"footnotes":""},"class_list":["post-1508","page","type-page","status-publish","hentry"],"_links":{"self":[{"href":"http:\/\/www.literaturtelefon-online.de\/index.php?rest_route=\/wp\/v2\/pages\/1508","targetHints":{"allow":["GET"]}}],"collection":[{"href":"http:\/\/www.literaturtelefon-online.de\/index.php?rest_route=\/wp\/v2\/pages"}],"about":[{"href":"http:\/\/www.literaturtelefon-online.de\/index.php?rest_route=\/wp\/v2\/types\/page"}],"author":[{"embeddable":true,"href":"http:\/\/www.literaturtelefon-online.de\/index.php?rest_route=\/wp\/v2\/users\/6"}],"replies":[{"embeddable":true,"href":"http:\/\/www.literaturtelefon-online.de\/index.php?rest_route=%2Fwp%2Fv2%2Fcomments&post=1508"}],"version-history":[{"count":7,"href":"http:\/\/www.literaturtelefon-online.de\/index.php?rest_route=\/wp\/v2\/pages\/1508\/revisions"}],"predecessor-version":[{"id":1510,"href":"http:\/\/www.literaturtelefon-online.de\/index.php?rest_route=\/wp\/v2\/pages\/1508\/revisions\/1510"}],"up":[{"embeddable":true,"href":"http:\/\/www.literaturtelefon-online.de\/index.php?rest_route=\/wp\/v2\/pages\/1506"}],"wp:attachment":[{"href":"http:\/\/www.literaturtelefon-online.de\/index.php?rest_route=%2Fwp%2Fv2%2Fmedia&parent=1508"}],"curies":[{"name":"wp","href":"https:\/\/api.w.org\/{rel}","templated":true}]}}