{"id":1458,"date":"2014-11-18T00:58:01","date_gmt":"2014-11-17T22:58:01","guid":{"rendered":"http:\/\/www.literaturtelefon-online.de\/?page_id=1458"},"modified":"2014-12-22T05:48:22","modified_gmt":"2014-12-22T03:48:22","slug":"ulrike-draesner","status":"publish","type":"page","link":"http:\/\/www.literaturtelefon-online.de\/?page_id=1458","title":{"rendered":"Ulrike Draesner"},"content":{"rendered":"<div style=\"text-align: justify;\">\nAm Literaturtelefon unter der neuen Rufnummer 0431\/901-8888 und auf www.literaturtelefon-online.de liest Ulrike Draesner aus ihrem im M\u00e4rz 2014 bei Luchterhand erschienenen Roman \u201eSieben Spr\u00fcnge vom Rand der Welt\u201c. Die Aufnahme entstand im Rahmen einer Lesung im Literaturhaus Schleswig-Holstein am 17.11.2014.<\/p>\n<p><!--[if lt IE 9]><script>document.createElement('audio');<\/script><![endif]-->\n<audio class=\"wp-audio-shortcode\" id=\"audio-1458-1\" preload=\"none\" style=\"width: 100%;\" controls=\"controls\"><source type=\"audio\/mpeg\" src=\"http:\/\/www.schwungkunst.de\/literaturtelefon\/ulrike_draesner_sieben_spruenge.mp3?_=1\" \/><a href=\"http:\/\/www.schwungkunst.de\/literaturtelefon\/ulrike_draesner_sieben_spruenge.mp3\">http:\/\/www.schwungkunst.de\/literaturtelefon\/ulrike_draesner_sieben_spruenge.mp3<\/a><\/audio><br \/>\n<br \/>\nWas passiert, wenn man die eigene Heimat verliert? Welche Traumata werden dadurch hervorgerufen? Leiden auch die eigenen Nachkommen noch unter diesen? Diese und andere Fragen wirft Draesner in ihrem \u2013 auch die eigene Familiengeschichte erz\u00e4hlenden \u2013 Roman auf: Eustachius Grolmann, 83, ist ein Kriegskind. Aufgewachsen im Propagandastaat, 1945 aus Schlesien in den Westen geflohen: In der Nacht vom 19. auf den 20. Januar 1945 stapften er, sein behinderter Bruder Emil und Lilly, die Mutter der beiden, bei minus 21 Grad durch den Breslauer Wald. Noch immer wird er von den Erinnerungen an die Flucht und den Tod seines Bruders heimgesucht. 17 Jahre sp\u00e4ter wird seine Tochter, Simone Grolmann, Professorin f\u00fcr Verhaltensforschung und ein analytischer Mensch, feststellen m\u00fcssen, dass die Angst und die Fluchtgeschichte ihres Vaters tief in ihr verwurzelt sind.<\/p>\n<p>Ulrike Draesner kreuzt die Lebenswege der schlesischen Grolmanns mit dem Schicksal einer aus Ostpolen nach Wroclaw vertriebenen Familie. Sechs Ich-Erz\u00e4hler aus vier Generationen kommen zu Wort. Dabei entwirft sie ein Kaleidoskop der Erinnerungen, die sich zu immer neuen Bildern f\u00fcgen. Sie zeigen, wie die durch Flucht und Vertreibung ausgel\u00f6sten Traumata weiterwirken und wie sich seelische Landschaften von einer Generation in die n\u00e4chste weitervererben.<\/p>\n<p><img loading=\"lazy\" decoding=\"async\" style=\"margin-left:40px;\" src=\"http:\/\/www.schwungkunst.de\/literaturtelefon\/ulrike_draesner.jpg\" width=\"140\" height=\"189\" class=\"alignright\" \/><\/p>\n<p>Auf der interaktiven Website <a href=\"http:\/\/www.der-siebte-sprung.de\" target=\"_blank\">www.der-siebte-sprung.de<\/a> gibt die Autorin nicht nur Einblick in ihre Schreibwerkstatt und die Entstehungsgeschichte des Romans, sondern schreibt ihn auch kontinuierlich fort \u2013 als den siebten Sprung vom Buch ins Netz.<\/p>\n<p>Ulrike Draesner, 1962 in M\u00fcnchen geboren, studierte in M\u00fcnchen und Oxford Anglistik, Germanistik und Philosophie und lebt heute als Lyrikerin, Romanautorin und Essayistin in Berlin. Ulrike Draesner hat f\u00fcr ihre Essays (u.a. \u201eSch\u00f6ne Frauen lesen\u201c, 2007), Lyrikb\u00e4nde (u.a. \u201eber\u00fchrte orte\u201c, 2008), \u00dcbersetzungen, Erz\u00e4hlungen (u.a. \u201eHot Dogs\u201c, 2004) und Romane (u.a. \u201eSpiele\u201c, 2005) zahlreiche Auszeichnungen erhalten. Sie gilt als eine der interessantesten deutschsprachigen Autorinnen und war 2005 Liliencron-Dozentin in Kiel.<\/p>\n<p>Autorin: <a href=\"http:\/\/www.der-siebte-sprung.de\" target=\"_blank\">www.der-siebte-sprung.de<\/a>, <a href=\"http:\/\/www.draesner.de\" target=\"_blank\">www.draesner.de<\/a><\/p>\n<p>Verlag: <a href=\"http:\/\/www.randomhouse.de\/Buch\/Sieben-Spruenge-vom-Rand-der-Welt-Roman\/Ulrike-Draesner\/e368418.rhd\" target=\"_blank\">Luchterhand<\/a><\/p>\n<p>Foto: J\u00fcrgen Bauer<\/p>\n<p>literaturtelefon-online.de | Telefon: 0431\/901-8888\n<\/p><\/div>\n","protected":false},"excerpt":{"rendered":"<p>Am Literaturtelefon unter der neuen Rufnummer 0431\/901-8888 und auf www.literaturtelefon-online.de liest Ulrike Draesner aus ihrem im M\u00e4rz 2014 bei Luchterhand erschienenen Roman \u201eSieben Spr\u00fcnge vom Rand der Welt\u201c. Die Aufnahme entstand im Rahmen einer Lesung im Literaturhaus Schleswig-Holstein am 17.11.2014. Was passiert, wenn man die eigene Heimat verliert? Welche Traumata werden dadurch hervorgerufen? Leiden auch [&hellip;]<\/p>\n","protected":false},"author":6,"featured_media":0,"parent":1432,"menu_order":2,"comment_status":"open","ping_status":"open","template":"","meta":{"footnotes":""},"class_list":["post-1458","page","type-page","status-publish","hentry"],"_links":{"self":[{"href":"http:\/\/www.literaturtelefon-online.de\/index.php?rest_route=\/wp\/v2\/pages\/1458","targetHints":{"allow":["GET"]}}],"collection":[{"href":"http:\/\/www.literaturtelefon-online.de\/index.php?rest_route=\/wp\/v2\/pages"}],"about":[{"href":"http:\/\/www.literaturtelefon-online.de\/index.php?rest_route=\/wp\/v2\/types\/page"}],"author":[{"embeddable":true,"href":"http:\/\/www.literaturtelefon-online.de\/index.php?rest_route=\/wp\/v2\/users\/6"}],"replies":[{"embeddable":true,"href":"http:\/\/www.literaturtelefon-online.de\/index.php?rest_route=%2Fwp%2Fv2%2Fcomments&post=1458"}],"version-history":[{"count":7,"href":"http:\/\/www.literaturtelefon-online.de\/index.php?rest_route=\/wp\/v2\/pages\/1458\/revisions"}],"predecessor-version":[{"id":1482,"href":"http:\/\/www.literaturtelefon-online.de\/index.php?rest_route=\/wp\/v2\/pages\/1458\/revisions\/1482"}],"up":[{"embeddable":true,"href":"http:\/\/www.literaturtelefon-online.de\/index.php?rest_route=\/wp\/v2\/pages\/1432"}],"wp:attachment":[{"href":"http:\/\/www.literaturtelefon-online.de\/index.php?rest_route=%2Fwp%2Fv2%2Fmedia&parent=1458"}],"curies":[{"name":"wp","href":"https:\/\/api.w.org\/{rel}","templated":true}]}}