{"id":1439,"date":"2014-10-29T22:45:18","date_gmt":"2014-10-29T20:45:18","guid":{"rendered":"http:\/\/www.literaturtelefon-online.de\/?page_id=1439"},"modified":"2014-11-24T08:13:10","modified_gmt":"2014-11-24T06:13:10","slug":"julija-trompeter","status":"publish","type":"page","link":"http:\/\/www.literaturtelefon-online.de\/?page_id=1439","title":{"rendered":"Julia Trompeter"},"content":{"rendered":"<div style=\"text-align: justify;\">\nAm Literaturtelefon unter der neuen Rufnummer 0431\/901-8888 und auf www.literaturtelefon-online.de liest Julia Trompeter aus ihrem bei Sch\u00f6ffling &#038; Co. erschienenen Deb\u00fctroman \u201eDie Mittlerin\u201c. Die Aufnahme entstand im Rahmen der LeseLounge im Literaturhaus Schleswig-Holstein am 29.10.2014.<\/p>\n<p><!--[if lt IE 9]><script>document.createElement('audio');<\/script><![endif]-->\n<audio class=\"wp-audio-shortcode\" id=\"audio-1439-1\" preload=\"none\" style=\"width: 100%;\" controls=\"controls\"><source type=\"audio\/mpeg\" src=\"http:\/\/www.schwungkunst.de\/literaturtelefon\/julia_trompeter_die_mittlerin.mp3?_=1\" \/><a href=\"http:\/\/www.schwungkunst.de\/literaturtelefon\/julia_trompeter_die_mittlerin.mp3\">http:\/\/www.schwungkunst.de\/literaturtelefon\/julia_trompeter_die_mittlerin.mp3<\/a><\/audio><br \/>\n<br \/>\nIn \u201eDie Mittlerin\u201c versucht eine Nachwuchsschriftstellerin, den Erwartungen ihrer Agentin gerecht zu werden und einen Roman zu schreiben. Vom Werk ist noch keine Zeile geschrieben, und sie hat keine Ahnung, worum es eigentlich gehen soll \u2013 au\u00dfer dass Thomas Bernhard und eine Reihe philosophischer Texte darin eine Rolle spielen sollen. Hautnah kann miterlebt werden, wie ein Roman im Werden begriffen ist, der spielerisch von Thomas Bernhard und der t\u00e4glichen Prokrastination erz\u00e4hlt. Mit Ironie werden dabei Seitenhiebe auf die Berliner Literaturszene verteilt.<\/p>\n<p><img loading=\"lazy\" decoding=\"async\" style=\"margin-left:40px;\" src=\"http:\/\/www.schwungkunst.de\/literaturtelefon\/julia_trompeter.jpg\" width=\"140\" height=\"187\" class=\"alignright\" \/><\/p>\n<p>Julia Trompeter wurde 1980 in Siegburg geboren. Sie studierte Philosophie, Germanistik und Klassische Literaturwissenschaft in K\u00f6ln und promovierte in Berlin und Bochum. Seit 2009 tritt sie in dem performativen Projekt Sprechduette zusammen mit Xaver R\u00f6mer auf. 2010 war sie Finalistin des open mike, 2012 erhielt sie das Rolf-Dieter-Brinkmann-Stipendium der Stadt K\u00f6ln, 2013 f\u00fcr ihren Deb\u00fctroman eine F\u00f6rderung der Kunststiftung NRW. 2014 erh\u00e4lt sie den F\u00f6rderpreis f\u00fcr junge K\u00fcnstlerinnen und K\u00fcnstler des Landes NRW. Sie ist Mitglied im <a href=\"http:\/\/www.forum-der-13.de\" target=\"_blank\">www.forum-der-13.de<\/a>.\u2028<\/p>\n<p>Autorin: <a href=\"http:\/\/www.sprechduette.de\" target=\"_blank\">www.sprechduette.de<\/a><\/p>\n<p>Verlag: <a href=\"https:\/\/www.schoeffling.de\/buecher\/julia-trompeter\/die-mittlerin\" target=\"_blank\">Sch\u00f6ffling &#038; Co.<\/a><\/p>\n<p>Foto: Peter Susewind<\/p>\n<p>literaturtelefon-online.de | Telefon: 0431\/901-8888\n<\/p><\/div>\n","protected":false},"excerpt":{"rendered":"<p>Am Literaturtelefon unter der neuen Rufnummer 0431\/901-8888 und auf www.literaturtelefon-online.de liest Julia Trompeter aus ihrem bei Sch\u00f6ffling &#038; Co. erschienenen Deb\u00fctroman \u201eDie Mittlerin\u201c. Die Aufnahme entstand im Rahmen der LeseLounge im Literaturhaus Schleswig-Holstein am 29.10.2014. In \u201eDie Mittlerin\u201c versucht eine Nachwuchsschriftstellerin, den Erwartungen ihrer Agentin gerecht zu werden und einen Roman zu schreiben. Vom Werk [&hellip;]<\/p>\n","protected":false},"author":6,"featured_media":0,"parent":1423,"menu_order":3,"comment_status":"open","ping_status":"open","template":"","meta":{"footnotes":""},"class_list":["post-1439","page","type-page","status-publish","hentry"],"_links":{"self":[{"href":"http:\/\/www.literaturtelefon-online.de\/index.php?rest_route=\/wp\/v2\/pages\/1439","targetHints":{"allow":["GET"]}}],"collection":[{"href":"http:\/\/www.literaturtelefon-online.de\/index.php?rest_route=\/wp\/v2\/pages"}],"about":[{"href":"http:\/\/www.literaturtelefon-online.de\/index.php?rest_route=\/wp\/v2\/types\/page"}],"author":[{"embeddable":true,"href":"http:\/\/www.literaturtelefon-online.de\/index.php?rest_route=\/wp\/v2\/users\/6"}],"replies":[{"embeddable":true,"href":"http:\/\/www.literaturtelefon-online.de\/index.php?rest_route=%2Fwp%2Fv2%2Fcomments&post=1439"}],"version-history":[{"count":8,"href":"http:\/\/www.literaturtelefon-online.de\/index.php?rest_route=\/wp\/v2\/pages\/1439\/revisions"}],"predecessor-version":[{"id":1454,"href":"http:\/\/www.literaturtelefon-online.de\/index.php?rest_route=\/wp\/v2\/pages\/1439\/revisions\/1454"}],"up":[{"embeddable":true,"href":"http:\/\/www.literaturtelefon-online.de\/index.php?rest_route=\/wp\/v2\/pages\/1423"}],"wp:attachment":[{"href":"http:\/\/www.literaturtelefon-online.de\/index.php?rest_route=%2Fwp%2Fv2%2Fmedia&parent=1439"}],"curies":[{"name":"wp","href":"https:\/\/api.w.org\/{rel}","templated":true}]}}