{"id":1414,"date":"2014-10-14T01:35:13","date_gmt":"2014-10-13T23:35:13","guid":{"rendered":"http:\/\/www.literaturtelefon-online.de\/?page_id=1414"},"modified":"2014-10-27T03:00:53","modified_gmt":"2014-10-27T01:00:53","slug":"klavki","status":"publish","type":"page","link":"http:\/\/www.literaturtelefon-online.de\/?page_id=1414","title":{"rendered":"Klavki"},"content":{"rendered":"<div style=\"text-align: justify;\">\nAm 8. November 2014 lesen in der <a href=\"http:\/\/www.hansa48.de\" target=\"_blank\">Hansa48<\/a> (Kiel, Hansastr. 48) FreundInnen des am 4. April 2009 verstorbenen Kieler Dichters Klavki (Oliver Eufinger) unter dem Motto \u201eErinnerungen an Klavki III\u201c zum dritten Male bislang unver\u00f6ffentlichte Texte aus seinem Nachlass sowie Bearbeitungen und \u201eweitergeschriebene\u201c Nachdichtungen.<\/p>\n<p><!--[if lt IE 9]><script>document.createElement('audio');<\/script><![endif]-->\n<audio class=\"wp-audio-shortcode\" id=\"audio-1414-1\" preload=\"none\" style=\"width: 100%;\" controls=\"controls\"><source type=\"audio\/mpeg\" src=\"http:\/\/www.schwungkunst.de\/literaturtelefon\/klavki_strahlen_stimmen.mp3?_=1\" \/><a href=\"http:\/\/www.schwungkunst.de\/literaturtelefon\/klavki_strahlen_stimmen.mp3\">http:\/\/www.schwungkunst.de\/literaturtelefon\/klavki_strahlen_stimmen.mp3<\/a><\/audio><br \/>\n<br \/>\nAus diesem Anlass pr\u00e4sentiert das Literaturtelefon Kiel unter der neuen Rufnummer 0431\/901-8888 und im Netz unter www.literaturtelefon-online.de die Text-Klang-Collage \u201estrahlen_stimmen\u201c, f\u00fcr die Klavki zusammen mit seinen Freunden Nils Aulike und \u00f6gyr (J\u00f6rg Meyer) Ende M\u00e4rz 2009, kurz vor seinem Tod, Klang- (das Surren der BeSTRAHLungs-Maschine) und Stimmmaterial aufnahm. \u00f6gyr hat es jetzt, f\u00fcnfeinhalb Jahre nach Klavkis Tod, zu einer mutma\u00dflich authentischen Fassung zusammengesetzt.<\/p>\n<p><img loading=\"lazy\" decoding=\"async\" style=\"margin-left:40px;\" src=\"http:\/\/www.literaturtelefon-online.de\/wp-content\/uploads\/2013\/12\/klavki_2008.jpg\" width=\"140\" height=\"180\" class=\"alignright size-full wp-image-1090\" \/><\/p>\n<p>Klavki wurde in Kiel und dar\u00fcber hinaus ab 2005 als Poetry-Slammer bekannt. Doch neben seinen damals gefeierten Slam-Texten \u201eschrie und schrie und schrieb\u201c (Klavki) er eine Poesie, die man als bissige Neuformulierung des Romantischen bezeichnen k\u00f6nnte, damit aber nur einen der Aspekte seiner vielschichtigen Dichtung nennend. Nach der fulminanten Klangcollage <a href=\"http:\/\/www.schwungkunst.de\/klavki\/klavki_fundus\/klavki_verschwindung.mp3\" target=\"_blank\">\u201eVerschwindung\u201c<\/a> (2006) ist das unvollendete \u201estrahlen_stimmen\u201c eines seiner letzten und wohl intensivsten \u2013 auch musikalischsten \u2013 Werke, das sich mit dem Tod wie dem Leben davor und danach auseinandersetzt.<\/p>\n<p>Zuletzt waren Klavki &#038; Friends an der <a href=\"http:\/\/www.literaturtelefon-online.de\/?page_id=1088\">Jahreswende 2013\/2014<\/a> am Literaturtelefon zu h\u00f6ren.<\/p>\n<p>Autor: <a href=\"http:\/\/www.klavki.de\" target=\"_blank\">www.klavki.de<\/a><\/p>\n<p>Foto: \u00f6gyr (Rostock, 2008)<\/p>\n<p>literaturtelefon-online.de | Telefon: 0431\/901-8888\n<\/p><\/div>\n","protected":false},"excerpt":{"rendered":"<p>Am 8. November 2014 lesen in der Hansa48 (Kiel, Hansastr. 48) FreundInnen des am 4. April 2009 verstorbenen Kieler Dichters Klavki (Oliver Eufinger) unter dem Motto \u201eErinnerungen an Klavki III\u201c zum dritten Male bislang unver\u00f6ffentlichte Texte aus seinem Nachlass sowie Bearbeitungen und \u201eweitergeschriebene\u201c Nachdichtungen. Aus diesem Anlass pr\u00e4sentiert das Literaturtelefon Kiel unter der neuen Rufnummer [&hellip;]<\/p>\n","protected":false},"author":6,"featured_media":0,"parent":1423,"menu_order":1,"comment_status":"open","ping_status":"open","template":"","meta":{"footnotes":""},"class_list":["post-1414","page","type-page","status-publish","hentry"],"_links":{"self":[{"href":"http:\/\/www.literaturtelefon-online.de\/index.php?rest_route=\/wp\/v2\/pages\/1414","targetHints":{"allow":["GET"]}}],"collection":[{"href":"http:\/\/www.literaturtelefon-online.de\/index.php?rest_route=\/wp\/v2\/pages"}],"about":[{"href":"http:\/\/www.literaturtelefon-online.de\/index.php?rest_route=\/wp\/v2\/types\/page"}],"author":[{"embeddable":true,"href":"http:\/\/www.literaturtelefon-online.de\/index.php?rest_route=\/wp\/v2\/users\/6"}],"replies":[{"embeddable":true,"href":"http:\/\/www.literaturtelefon-online.de\/index.php?rest_route=%2Fwp%2Fv2%2Fcomments&post=1414"}],"version-history":[{"count":8,"href":"http:\/\/www.literaturtelefon-online.de\/index.php?rest_route=\/wp\/v2\/pages\/1414\/revisions"}],"predecessor-version":[{"id":1426,"href":"http:\/\/www.literaturtelefon-online.de\/index.php?rest_route=\/wp\/v2\/pages\/1414\/revisions\/1426"}],"up":[{"embeddable":true,"href":"http:\/\/www.literaturtelefon-online.de\/index.php?rest_route=\/wp\/v2\/pages\/1423"}],"wp:attachment":[{"href":"http:\/\/www.literaturtelefon-online.de\/index.php?rest_route=%2Fwp%2Fv2%2Fmedia&parent=1414"}],"curies":[{"name":"wp","href":"https:\/\/api.w.org\/{rel}","templated":true}]}}