{"id":1367,"date":"2014-09-08T20:59:00","date_gmt":"2014-09-08T18:59:00","guid":{"rendered":"http:\/\/www.literaturtelefon-online.de\/?page_id=1367"},"modified":"2017-12-05T01:26:49","modified_gmt":"2017-12-04T23:26:49","slug":"arne-rautenberg","status":"publish","type":"page","link":"http:\/\/www.literaturtelefon-online.de\/?page_id=1367","title":{"rendered":"Arne Rautenberg"},"content":{"rendered":"<div style=\"text-align: justify;\">\nAm Literaturtelefon unter Tel. 0431\/901-1156 und im Internet unter www.literaturtelefon-online.de liest der Kieler Autor und K\u00fcnstler Arne Rautenberg aus seinem beim Peter Hammer Verlag, Wuppertal, erschienenen Gedichtband \u201emontag ist m\u00fctzenfalschrumtag\u201c.<\/p>\n<p>[Arne Rautenberg hat seinen Beitrag nur f\u00fcr die 14-t\u00e4gige Laufzeit am Literaturtelefon zur Verf\u00fcgung gestellt. Daher ist er hier nicht mehr h\u00f6rbar.]<\/p>\n<p>Arne Rautenbergs Gedichte machen Spa\u00df! Erst recht, wenn er f\u00fcr Kinder reimt. Er hantiert mit Lauten, W\u00f6rtern und verr\u00fcckten Gedanken, bis sie sich zusammenfinden zu etwas Neuem, das zum Lachen reizt und manchmal auch zum Nachdenken. \u201emontag ist m\u00fctzenfalschrumtag\u201c versammelt 40 erfrischend unp\u00e4dagogische Gedichte, die keinen Deut darum geben, was rein darf in ein Gedicht und was nicht. Peinliches und Anst\u00e4ndiges, Sinniges und Unsinniges, Kluges und Albernes: Alles ist erlaubt \u2013 wenn es originell ist, denn nur hier kennt der Dichter kein Pardon! In der Wahl der Form setzt sich die Freiheit fort und so findet man auch optische Gedichte, Lautgedichte und Zungenbrecher im Buch.<\/p>\n<p>Arne Rautenberg, geboren 1967 in Kiel, studierte Kunstgeschichte, Neuere Deutsche Literaturwissenschaft und Volkskunde an der Christian-Albrechts-Universit\u00e4t zu Kiel und ist seit 2000 als freier Schriftsteller, K\u00fcnstler und Kulturjournalist in seiner Geburtsstadt t\u00e4tig.<\/p>\n<p><img loading=\"lazy\" decoding=\"async\" style=\"margin-left:40px;\" src=\"http:\/\/www.literaturtelefon-online.de\/wp-content\/uploads\/2012\/12\/arne_rautenberg.jpg\" alt=\"Arne Rautenberg\" title=\"Arne Rautenberg\" width=\"140\" height=\"193\" class=\"alignright size-full wp-image-436\" \/><\/p>\n<p>Er schreibt Essays, Gedichte, H\u00f6rst\u00fccke, Kurzgeschichten, Romane und arbeitet f\u00fcr verschiedene Feuilletons; sein literarisches Hauptbet\u00e4tigungsfeld ist die Lyrik. Gedichte und Geschichten sind in mehreren Einzeltiteln sowie zahlreichen Anthologien und Zeitschriften erschienen. Zudem sind viele seiner Gedichte in Schulb\u00fccher aufgenommen worden.<\/p>\n<p>Zuletzt erschienen von ihm unter anderem \u201emundfauler staub\u201c (Horlemann Verlag Leipzig &#038; Berlin, 2012), \u201eder wind l\u00e4sst tausend h\u00fctchen fliegen\u201c, Kindergedichte (Boje 2010), \u201egebrochene naturen\u201c (luxbooks Wiesbaden, 2009), \u201eneunmalneun blutsbr\u00fcder betreun \u2013 kindergedichte f\u00fcr erwachsene\u201c (Umtriebpresse Kiel, 2008), \u201evermeeren\u201c, Gedichte und Collagen (Katalogbuch, Darling Publications, K\u00f6ln, 2007) und 2002 bei Hoffmann und Campe der Roman \u201eDer Sperrm\u00fcllk\u00f6nig\u201c.<\/p>\n<p>Am Literaturtelefon Kiel war Arne Rautenberg zuletzt 2012 mit seinem Gedichtband <a href=\"http:\/\/www.literaturtelefon-online.de\/?page_id=435\">\u201emundfauler staub\u201c<\/a> zu h\u00f6ren.<\/p>\n<p>Autor: <a href=\"http:\/\/www.arnerautenberg.de\/\" target=\"_blank\">www.arnerautenberg.de<\/a><\/p>\n<p>Verlag: <a href=\"http:\/\/www.peter-hammer-verlag.de\/buchdetails\/montag-ist-muetzenfalschrumtag\/\" target=\"_blank\">Peter Hammer Verlag<\/a><\/p>\n<p>Foto: Birgit Rautenberg<\/p>\n<p>literaturtelefon-online.de | Telefon: 0431\/901-1156\n<\/p><\/div>\n","protected":false},"excerpt":{"rendered":"<p>Am Literaturtelefon unter Tel. 0431\/901-1156 und im Internet unter www.literaturtelefon-online.de liest der Kieler Autor und K\u00fcnstler Arne Rautenberg aus seinem beim Peter Hammer Verlag, Wuppertal, erschienenen Gedichtband \u201emontag ist m\u00fctzenfalschrumtag\u201c. [Arne Rautenberg hat seinen Beitrag nur f\u00fcr die 14-t\u00e4gige Laufzeit am Literaturtelefon zur Verf\u00fcgung gestellt. Daher ist er hier nicht mehr h\u00f6rbar.] Arne Rautenbergs Gedichte [&hellip;]<\/p>\n","protected":false},"author":6,"featured_media":0,"parent":1346,"menu_order":2,"comment_status":"open","ping_status":"open","template":"","meta":{"footnotes":""},"class_list":["post-1367","page","type-page","status-publish","hentry"],"_links":{"self":[{"href":"http:\/\/www.literaturtelefon-online.de\/index.php?rest_route=\/wp\/v2\/pages\/1367","targetHints":{"allow":["GET"]}}],"collection":[{"href":"http:\/\/www.literaturtelefon-online.de\/index.php?rest_route=\/wp\/v2\/pages"}],"about":[{"href":"http:\/\/www.literaturtelefon-online.de\/index.php?rest_route=\/wp\/v2\/types\/page"}],"author":[{"embeddable":true,"href":"http:\/\/www.literaturtelefon-online.de\/index.php?rest_route=\/wp\/v2\/users\/6"}],"replies":[{"embeddable":true,"href":"http:\/\/www.literaturtelefon-online.de\/index.php?rest_route=%2Fwp%2Fv2%2Fcomments&post=1367"}],"version-history":[{"count":13,"href":"http:\/\/www.literaturtelefon-online.de\/index.php?rest_route=\/wp\/v2\/pages\/1367\/revisions"}],"predecessor-version":[{"id":2638,"href":"http:\/\/www.literaturtelefon-online.de\/index.php?rest_route=\/wp\/v2\/pages\/1367\/revisions\/2638"}],"up":[{"embeddable":true,"href":"http:\/\/www.literaturtelefon-online.de\/index.php?rest_route=\/wp\/v2\/pages\/1346"}],"wp:attachment":[{"href":"http:\/\/www.literaturtelefon-online.de\/index.php?rest_route=%2Fwp%2Fv2%2Fmedia&parent=1367"}],"curies":[{"name":"wp","href":"https:\/\/api.w.org\/{rel}","templated":true}]}}