{"id":1348,"date":"2014-08-20T18:11:56","date_gmt":"2014-08-20T16:11:56","guid":{"rendered":"http:\/\/www.literaturtelefon-online.de\/?page_id=1348"},"modified":"2017-12-05T01:17:02","modified_gmt":"2017-12-04T23:17:02","slug":"1348-2","status":"publish","type":"page","link":"http:\/\/www.literaturtelefon-online.de\/?page_id=1348","title":{"rendered":"Steinunn Sigur\u00f0ard\u00f3ttir"},"content":{"rendered":"<div style=\"text-align: justify;\">\n<p>Am Literaturtelefon unter 0431\/901-1156 und www.literaturtelefon-online.de liest Steinunn Sigur\u00f0ard\u00f3ttir aus ihrem bei Rowohlt erschienenen Roman \u201eJojo\u201c. Die Aufnahme entstand bei ihrer Lesung im Rahmen des Literatursommers Island am 25.8.2014 im Literaturhaus Schleswig-Holstein.<\/p>\n<p><iframe loading=\"lazy\" title=\"Steinunn Sigur\u00f0ardo\u0301ttir: \u201eJojo\u201c\" width=\"500\" height=\"375\" src=\"https:\/\/www.youtube.com\/embed\/hz76pyxhVqA?feature=oembed\" frameborder=\"0\" allow=\"accelerometer; autoplay; clipboard-write; encrypted-media; gyroscope; picture-in-picture; web-share\" referrerpolicy=\"strict-origin-when-cross-origin\" allowfullscreen><\/iframe><\/p>\n<p>Ihre ganze Erz\u00e4hlkraft wendet Steinunn Sigur\u00f0ard\u00f3ttir in einem Kammerspiel auf, in dem eine Erinnerung der Ausl\u00f6ser f\u00fcr das Lebensdrama eines erfolgreichen Onkologen und seines r\u00e4tselhaften Doppelg\u00e4ngers wird: Martin Montag ist Radiologe in Berlin und hat sich dem Kampf gegen den Krebs verschrieben. So rettet er den Franzosen Martin Martinetti, in dem er einen guten Freund und Seelenverwandten findet. Doch beide M\u00e4nner, so unterschiedlich sie sind, tragen ein dunkles Geheimnis aus ihrer Vergangenheit mit sich, das einen Schatten auf ihr Leben, ihr Selbstbild, ihre Beziehungen wirft \u2013 beide leben mit dem Freitod als st\u00e4ndiger M\u00f6glichkeit, und beide suchen ihren eigenen Weg, um zu \u00fcberleben. Martin Montag mit zielgerichtetem Ehrgeiz und fast zwanghafter Selbstdisziplin, sein Freund, indem er sich gesellschaftlichen Konventionen weitgehend widersetzt.<\/p>\n<p><img style=\"margin-left:40px;\"src=\"http:\/\/www.schwungkunst.de\/literaturtelefon\/steinunn_sigurdardottir.jpg\" width=\"140\" height=\"163\" class=\"alignright\" \/><\/p>\n<p>Steinunn Sigur\u00f0ard\u00f3ttir (1995 Isl\u00e4ndischer Literaturpreis) geh\u00f6rt zu den prominentesten Autorinnen Islands. International wurde sie durch ihre Romane \u201eDer Zeitdieb\u201c und \u201eHerzort\u201c bekannt. Ihr Bestsellererfolg \u201eDer Zeitdieb\u201c wurde mit Emmanuelle B\u00e9art und Sandrine Bonnaire in den Hauptrollen in Frankreich verfilmt.<\/p>\n<p>Autorin: <a href=\"http:\/\/steinunn.net\" target=\"_blank\">http:\/\/steinunn.net<\/a> (englischsprachig)<\/p>\n<p>Verlag (deutsche Ausgabe): <a href=\"http:\/\/www.rowohlt.de\/buch\/Steinunn_Sigurdardottir_Jojo.3019471.html\" target=\"_blank\">Rowohlt<\/a><\/p>\n<p>Foto: David Ignaszewski-Koloy<\/p>\n<p>literaturtelefon-online.de | Telefon: 0431\/901-1156\n<\/p><\/div>\n","protected":false},"excerpt":{"rendered":"<p>Am Literaturtelefon unter 0431\/901-1156 und www.literaturtelefon-online.de liest Steinunn Sigur\u00f0ard\u00f3ttir aus ihrem bei Rowohlt erschienenen Roman \u201eJojo\u201c. Die Aufnahme entstand bei ihrer Lesung im Rahmen des Literatursommers Island am 25.8.2014 im Literaturhaus Schleswig-Holstein. Ihre ganze Erz\u00e4hlkraft wendet Steinunn Sigur\u00f0ard\u00f3ttir in einem Kammerspiel auf, in dem eine Erinnerung der Ausl\u00f6ser f\u00fcr das Lebensdrama eines erfolgreichen Onkologen und [&hellip;]<\/p>\n","protected":false},"author":6,"featured_media":0,"parent":1346,"menu_order":1,"comment_status":"open","ping_status":"open","template":"","meta":{"footnotes":""},"class_list":["post-1348","page","type-page","status-publish","hentry"],"_links":{"self":[{"href":"http:\/\/www.literaturtelefon-online.de\/index.php?rest_route=\/wp\/v2\/pages\/1348","targetHints":{"allow":["GET"]}}],"collection":[{"href":"http:\/\/www.literaturtelefon-online.de\/index.php?rest_route=\/wp\/v2\/pages"}],"about":[{"href":"http:\/\/www.literaturtelefon-online.de\/index.php?rest_route=\/wp\/v2\/types\/page"}],"author":[{"embeddable":true,"href":"http:\/\/www.literaturtelefon-online.de\/index.php?rest_route=\/wp\/v2\/users\/6"}],"replies":[{"embeddable":true,"href":"http:\/\/www.literaturtelefon-online.de\/index.php?rest_route=%2Fwp%2Fv2%2Fcomments&post=1348"}],"version-history":[{"count":11,"href":"http:\/\/www.literaturtelefon-online.de\/index.php?rest_route=\/wp\/v2\/pages\/1348\/revisions"}],"predecessor-version":[{"id":2632,"href":"http:\/\/www.literaturtelefon-online.de\/index.php?rest_route=\/wp\/v2\/pages\/1348\/revisions\/2632"}],"up":[{"embeddable":true,"href":"http:\/\/www.literaturtelefon-online.de\/index.php?rest_route=\/wp\/v2\/pages\/1346"}],"wp:attachment":[{"href":"http:\/\/www.literaturtelefon-online.de\/index.php?rest_route=%2Fwp%2Fv2%2Fmedia&parent=1348"}],"curies":[{"name":"wp","href":"https:\/\/api.w.org\/{rel}","templated":true}]}}