{"id":1305,"date":"2014-05-16T23:32:32","date_gmt":"2014-05-16T21:32:32","guid":{"rendered":"http:\/\/www.literaturtelefon-online.de\/?page_id=1305"},"modified":"2017-12-05T01:16:08","modified_gmt":"2017-12-04T23:16:08","slug":"margarita-kistner","status":"publish","type":"page","link":"http:\/\/www.literaturtelefon-online.de\/?page_id=1305","title":{"rendered":"Margarita Kinstner"},"content":{"rendered":"<div style=\"text-align: justify;\">\n<p>Am Literaturtelefon unter 0431\/901-1156 und www.literaturtelefon-online.de liest Margarita Kinstner aus ihrem im Deuticke Verlag erschienenen Deb\u00fctroman \u201eMittelstadtrauschen\u201c. Die Aufnahme entstand als Mitschnitt beim Lesefest im Rahmen des 12. Europ\u00e4ischen Festivals des Deb\u00fctromans am 15.5.2014 im Literaturhaus Schleswig-Holstein.<\/p>\n<p><iframe loading=\"lazy\" title=\"Margarita Kinstner: \u201eMittelstadtrauschen&quot;\" width=\"500\" height=\"375\" src=\"https:\/\/www.youtube.com\/embed\/CfAKRFF0W5Q?feature=oembed\" frameborder=\"0\" allow=\"accelerometer; autoplay; clipboard-write; encrypted-media; gyroscope; picture-in-picture; web-share\" referrerpolicy=\"strict-origin-when-cross-origin\" allowfullscreen><\/iframe><\/p>\n<p>Als Marie im Caf\u00e9 stolpert und einen Kaffee umst\u00f6\u00dft, lernt sie nicht nur Jakob kennen, sondern setzt damit auch eine Reihe von Geschichten in Gang. Jakob verliebt sich in Marie und trennt sich von seiner Freundin Sonja, die bald darauf jemand anderen trifft: Gery. Er war der beste Freund von Joe, der fr\u00fcher mit Marie zusammen war und sich mit einem spektakul\u00e4ren Sprung in den Donaukanal das Leben genommen hat. Ein mysteri\u00f6ses Testament taucht auf, das im Prater verlesen werden soll \u2013 in Anwesenheit von Gery und Marie. Eine Liebesgeschichte, m\u00e4rchenhaft und modern zugleich, ein Roman \u00fcber Einsamkeit, Freundschaft, Sehnsucht und Liebe \u2013 in Wien, der \u201eStadt der Seele\u201c.<\/p>\n<p><img loading=\"lazy\" decoding=\"async\" style=\"margin-left:40px;\" src=\"http:\/\/www.literaturtelefon-online.de\/wp-content\/uploads\/2014\/05\/margarita_kinstner.jpg\" alt=\"Margarita Kinstner\" width=\"140\" height=\"135\" class=\"alignright size-full wp-image-1307\" \/><\/p>\n<p>Margarita Kinstner, geboren 1976 in Wien, lebt in Graz und hat bisher in Literaturzeitschriften und Anthologien ver\u00f6ffentlicht. Sie ist Mitglied des Grazer Autorinnen und Autoren Kollektivs (GRAUKO) und war von 2009 bis 2013 Mitorganisatorin der w\u00f6chentlichen Lesereihe ALSO (AnnoLiteraturSOnntag). Sie ist Redaktionsmitglied der Literaturzeitschrift \u201e&#038;Radieschen\u201c und Mitglied der Wiener Leseb\u00fchne \u201eNochDichter\u201c. Von April bis Juni 2013 war sie Artist in Residence in Judenburg.<\/p>\n<p>Autorin: <a href=\"http:\/\/rentsnik.wordpress.com\/\" target=\"_blank\">http:\/\/rentsnik.wordpress.com\/<\/a><\/p>\n<p>Verlag: <a href=\"http:\/\/www.hanser-literaturverlage.de\/buecher\/buch.html?isbn=978-3-552-06226-9\" target=\"_blank\">Deuticke Verlag<\/a><\/p>\n<p>Foto: Thomas Wollinger, Deuticke Verlag<\/p>\n<p>literaturtelefon-online.de | Telefon: 0431\/901-1156\n<\/p><\/div>\n","protected":false},"excerpt":{"rendered":"<p>Am Literaturtelefon unter 0431\/901-1156 und www.literaturtelefon-online.de liest Margarita Kinstner aus ihrem im Deuticke Verlag erschienenen Deb\u00fctroman \u201eMittelstadtrauschen\u201c. Die Aufnahme entstand als Mitschnitt beim Lesefest im Rahmen des 12. Europ\u00e4ischen Festivals des Deb\u00fctromans am 15.5.2014 im Literaturhaus Schleswig-Holstein. Als Marie im Caf\u00e9 stolpert und einen Kaffee umst\u00f6\u00dft, lernt sie nicht nur Jakob kennen, sondern setzt damit [&hellip;]<\/p>\n","protected":false},"author":6,"featured_media":0,"parent":1296,"menu_order":1,"comment_status":"open","ping_status":"open","template":"","meta":{"footnotes":""},"class_list":["post-1305","page","type-page","status-publish","hentry"],"_links":{"self":[{"href":"http:\/\/www.literaturtelefon-online.de\/index.php?rest_route=\/wp\/v2\/pages\/1305","targetHints":{"allow":["GET"]}}],"collection":[{"href":"http:\/\/www.literaturtelefon-online.de\/index.php?rest_route=\/wp\/v2\/pages"}],"about":[{"href":"http:\/\/www.literaturtelefon-online.de\/index.php?rest_route=\/wp\/v2\/types\/page"}],"author":[{"embeddable":true,"href":"http:\/\/www.literaturtelefon-online.de\/index.php?rest_route=\/wp\/v2\/users\/6"}],"replies":[{"embeddable":true,"href":"http:\/\/www.literaturtelefon-online.de\/index.php?rest_route=%2Fwp%2Fv2%2Fcomments&post=1305"}],"version-history":[{"count":6,"href":"http:\/\/www.literaturtelefon-online.de\/index.php?rest_route=\/wp\/v2\/pages\/1305\/revisions"}],"predecessor-version":[{"id":2631,"href":"http:\/\/www.literaturtelefon-online.de\/index.php?rest_route=\/wp\/v2\/pages\/1305\/revisions\/2631"}],"up":[{"embeddable":true,"href":"http:\/\/www.literaturtelefon-online.de\/index.php?rest_route=\/wp\/v2\/pages\/1296"}],"wp:attachment":[{"href":"http:\/\/www.literaturtelefon-online.de\/index.php?rest_route=%2Fwp%2Fv2%2Fmedia&parent=1305"}],"curies":[{"name":"wp","href":"https:\/\/api.w.org\/{rel}","templated":true}]}}