{"id":1299,"date":"2014-05-16T22:24:44","date_gmt":"2014-05-16T20:24:44","guid":{"rendered":"http:\/\/www.literaturtelefon-online.de\/?page_id=1299"},"modified":"2017-12-05T01:14:23","modified_gmt":"2017-12-04T23:14:23","slug":"philipp-schoenthaler","status":"publish","type":"page","link":"http:\/\/www.literaturtelefon-online.de\/?page_id=1299","title":{"rendered":"Philipp Sch\u00f6nthaler"},"content":{"rendered":"<div style=\"text-align: justify;\">\n<p>Am Literaturtelefon unter 0431\/901-1156 und www.literaturtelefon-online.de liest Philipp Sch\u00f6nthaler aus seinem bei Matthes &#038; Seitz, Berlin, erschienenen Deb\u00fctroman \u201eDas Schiff das singend zieht auf seiner Bahn\u201c. Die Aufnahme entstand als Mitschnitt beim Lesefest im Rahmen des 12. Europ\u00e4ischen Festivals des Deb\u00fctromans am 15.5.2014 im Literaturhaus Schleswig-Holstein.<\/p>\n<p><iframe loading=\"lazy\" title=\"Philipp Scho\u0308nthaler: \u201eDas Schiff das singend zieht auf seiner Bahn&quot;\" width=\"500\" height=\"375\" src=\"https:\/\/www.youtube.com\/embed\/d5y3pCkPJs0?feature=oembed\" frameborder=\"0\" allow=\"accelerometer; autoplay; clipboard-write; encrypted-media; gyroscope; picture-in-picture; web-share\" referrerpolicy=\"strict-origin-when-cross-origin\" allowfullscreen><\/iframe><\/p>\n<p>Die Protagonisten in Sch\u00f6nthalers Roman stellen sich den Herausforderungen, den Anspr\u00fcchen und Zumutungen unserer allt\u00e4glichen Arbeits- und Lebenswelten. Jeder Tag ist ein Kampf um optimiertes Aussehen, optimierte Arbeitsziele, optimierte Arbeitspl\u00e4tze, optimierte Berufseinstellungen. Soll man nun daran scheitern oder dar\u00fcber lachen? Sch\u00f6nthaler entscheidet sich f\u00fcr den feinen, leise ironischen Blick, den sanften und liebevollen Spott, geleitet von Neugier und Faszination, von Zuneigung und Verst\u00e4ndnis. Offen bleibt nach der Lekt\u00fcre, ob wir auf die Menschen in den Verh\u00e4ltnissen um uns oder ob wir blo\u00df in einen Spiegel geschaut haben.<\/p>\n<p><img loading=\"lazy\" decoding=\"async\" style=\"margin-left:40px;\" src=\"http:\/\/www.literaturtelefon-online.de\/wp-content\/uploads\/2014\/05\/philipp_sch\u00f6nthaler.jpg\" alt=\"Philipp Sch\u00f6nthaler\" width=\"140\" height=\"184\" class=\"alignright size-full wp-image-1303\" \/><\/p>\n<p>Philipp Sch\u00f6nthaler, geboren 1976 in Stuttgart, begann ein Theologiestudium in San Antonio, Texas, wechselte dann nach Vancouver, um Anglistik und Kunst zu studieren. 2010 wurde er an der Universit\u00e4t Konstanz mit einer Dissertation zu \u201eNegationen des Erz\u00e4hlers\u201c promoviert. F\u00fcr seinen Erz\u00e4hlungsband \u201eNach oben ist das Leben offen\u201c erhielt er den Clemens-Brentano-Preis 2013; seine Erz\u00e4hlung \u201eEin Lied in allen Dingen\u201c trug er beim Ingeborg-Bachmann-Preis 2013 vor.<\/p>\n<p>Verlag: <a href=\"http:\/\/www.matthes-seitz-berlin.de\/buch\/das-schiff-das-singend-zieht-auf-seiner-bahn.html\" target=\"_blank\">Matthes &#038; Seitz, Berlin<\/a><\/p>\n<p>Foto: Philipp Rothe, Matthes &#038; Seitz, Berlin<\/p>\n<p>literaturtelefon-online.de | Telefon: 0431\/901-1156\n<\/p><\/div>\n","protected":false},"excerpt":{"rendered":"<p>Am Literaturtelefon unter 0431\/901-1156 und www.literaturtelefon-online.de liest Philipp Sch\u00f6nthaler aus seinem bei Matthes &#038; Seitz, Berlin, erschienenen Deb\u00fctroman \u201eDas Schiff das singend zieht auf seiner Bahn\u201c. Die Aufnahme entstand als Mitschnitt beim Lesefest im Rahmen des 12. Europ\u00e4ischen Festivals des Deb\u00fctromans am 15.5.2014 im Literaturhaus Schleswig-Holstein. Die Protagonisten in Sch\u00f6nthalers Roman stellen sich den Herausforderungen, [&hellip;]<\/p>\n","protected":false},"author":6,"featured_media":0,"parent":1284,"menu_order":2,"comment_status":"open","ping_status":"open","template":"","meta":{"footnotes":""},"class_list":["post-1299","page","type-page","status-publish","hentry"],"_links":{"self":[{"href":"http:\/\/www.literaturtelefon-online.de\/index.php?rest_route=\/wp\/v2\/pages\/1299","targetHints":{"allow":["GET"]}}],"collection":[{"href":"http:\/\/www.literaturtelefon-online.de\/index.php?rest_route=\/wp\/v2\/pages"}],"about":[{"href":"http:\/\/www.literaturtelefon-online.de\/index.php?rest_route=\/wp\/v2\/types\/page"}],"author":[{"embeddable":true,"href":"http:\/\/www.literaturtelefon-online.de\/index.php?rest_route=\/wp\/v2\/users\/6"}],"replies":[{"embeddable":true,"href":"http:\/\/www.literaturtelefon-online.de\/index.php?rest_route=%2Fwp%2Fv2%2Fcomments&post=1299"}],"version-history":[{"count":6,"href":"http:\/\/www.literaturtelefon-online.de\/index.php?rest_route=\/wp\/v2\/pages\/1299\/revisions"}],"predecessor-version":[{"id":2630,"href":"http:\/\/www.literaturtelefon-online.de\/index.php?rest_route=\/wp\/v2\/pages\/1299\/revisions\/2630"}],"up":[{"embeddable":true,"href":"http:\/\/www.literaturtelefon-online.de\/index.php?rest_route=\/wp\/v2\/pages\/1284"}],"wp:attachment":[{"href":"http:\/\/www.literaturtelefon-online.de\/index.php?rest_route=%2Fwp%2Fv2%2Fmedia&parent=1299"}],"curies":[{"name":"wp","href":"https:\/\/api.w.org\/{rel}","templated":true}]}}