{"id":1274,"date":"2014-04-30T16:10:57","date_gmt":"2014-04-30T14:10:57","guid":{"rendered":"http:\/\/www.literaturtelefon-online.de\/?page_id=1274"},"modified":"2017-12-05T01:12:46","modified_gmt":"2017-12-04T23:12:46","slug":"jan-christophersen","status":"publish","type":"page","link":"http:\/\/www.literaturtelefon-online.de\/?page_id=1274","title":{"rendered":"Jan Christophersen"},"content":{"rendered":"<div style=\"text-align: justify;\">\n<p>Am Literaturtelefon unter 0431\/901-1156 und www.literaturtelefon-online.de liest Jan Christophersen aus seinem im mare-Verlag erschienenen Roman \u201eEcho\u201c. Die Aufnahme entstand im Rahmen seiner Lesung im Literaturhaus Schleswig-Holstein am 29.4.2014.<\/p>\n<p><iframe loading=\"lazy\" title=\"Jan Christophersen: \u201eEcho&quot;\" width=\"500\" height=\"375\" src=\"https:\/\/www.youtube.com\/embed\/gAYZQ_NS62U?feature=oembed\" frameborder=\"0\" allow=\"accelerometer; autoplay; clipboard-write; encrypted-media; gyroscope; picture-in-picture; web-share\" referrerpolicy=\"strict-origin-when-cross-origin\" allowfullscreen><\/iframe><\/p>\n<p>Mit gro\u00dfem Einf\u00fchlungsverm\u00f6gen und viel Spannung zwischen den Zeilen entwickelt Jan Christophersen in seinem Roman \u201eEcho\u201c die Geschichte zweier Menschen, die Seelenverwandte sind, aber nicht zueinander finden. W\u00e4hrend einer Klassenfahrt an die polnische Ostsee im Sp\u00e4tsommer 1989 nimmt die Geschichte zwischen Gesa und Tom ihren Anfang, sp\u00e4ter trennen sich die Wege der beiden und kreuzen sich doch immer wieder. Tom konzentriert sich auf seine Musikerkarriere und reist mit seiner Band um die Welt, w\u00e4hrend Gesa in Flensburg bleibt und da ist, wenn ihr alter Freund zu Besuch kommt. Ihr G\u00e4stezimmer im Gartenhaus wird Toms Ankerpunkt, dort h\u00f6ren die beiden Musik und teilen die alte N\u00e4he. Doch auf Gesas Hochzeit, bei der Tom mit seiner Gitarre auftritt, wird ihre Freundschaft auf eine harte Probe gestellt.<\/p>\n<p><img loading=\"lazy\" decoding=\"async\" style=\"margin-left:40px;\" src=\"http:\/\/www.literaturtelefon-online.de\/wp-content\/uploads\/2014\/04\/jan_christophersen.jpg\" alt=\"Jan Christophersen\" width=\"140\" height=\"169\" class=\"alignright size-full wp-image-1278\" \/><\/p>\n<p>Jan Christophersen (geb. 1974 in Flensburg) lebt mit seiner Familie bei Schleswig. Er studierte am Deutschen Literaturinstitut Leipzig und erhielt mehrere Stipendien. Sein Roman \u201eSchneetage\u201c, der den Katastrophenwinter 1978\/79 wachrief, war ein gro\u00dfer Publikumserfolg und wurde mit dem Deb\u00fctpreis des Buddenbrookhauses ausgezeichnet.<\/p>\n<p>Autor: <a href=\"http:\/\/www.janchristophersen.de\" target=\"_blank\">www.janchristophersen.de<\/a><\/p>\n<p>Verlag: <a href=\"http:\/\/www.mare.de\/index.php?article_id=3856\" target=\"_blank\">www.mare.de<\/a><\/p>\n<p>Foto: Mathias Bothor<\/p>\n<p>literaturtelefon-online.de | Telefon: 0431\/901-1156\n<\/p><\/div>\n","protected":false},"excerpt":{"rendered":"<p>Am Literaturtelefon unter 0431\/901-1156 und www.literaturtelefon-online.de liest Jan Christophersen aus seinem im mare-Verlag erschienenen Roman \u201eEcho\u201c. Die Aufnahme entstand im Rahmen seiner Lesung im Literaturhaus Schleswig-Holstein am 29.4.2014. Mit gro\u00dfem Einf\u00fchlungsverm\u00f6gen und viel Spannung zwischen den Zeilen entwickelt Jan Christophersen in seinem Roman \u201eEcho\u201c die Geschichte zweier Menschen, die Seelenverwandte sind, aber nicht zueinander finden. [&hellip;]<\/p>\n","protected":false},"author":6,"featured_media":0,"parent":1238,"menu_order":3,"comment_status":"open","ping_status":"open","template":"","meta":{"footnotes":""},"class_list":["post-1274","page","type-page","status-publish","hentry"],"_links":{"self":[{"href":"http:\/\/www.literaturtelefon-online.de\/index.php?rest_route=\/wp\/v2\/pages\/1274","targetHints":{"allow":["GET"]}}],"collection":[{"href":"http:\/\/www.literaturtelefon-online.de\/index.php?rest_route=\/wp\/v2\/pages"}],"about":[{"href":"http:\/\/www.literaturtelefon-online.de\/index.php?rest_route=\/wp\/v2\/types\/page"}],"author":[{"embeddable":true,"href":"http:\/\/www.literaturtelefon-online.de\/index.php?rest_route=\/wp\/v2\/users\/6"}],"replies":[{"embeddable":true,"href":"http:\/\/www.literaturtelefon-online.de\/index.php?rest_route=%2Fwp%2Fv2%2Fcomments&post=1274"}],"version-history":[{"count":7,"href":"http:\/\/www.literaturtelefon-online.de\/index.php?rest_route=\/wp\/v2\/pages\/1274\/revisions"}],"predecessor-version":[{"id":2628,"href":"http:\/\/www.literaturtelefon-online.de\/index.php?rest_route=\/wp\/v2\/pages\/1274\/revisions\/2628"}],"up":[{"embeddable":true,"href":"http:\/\/www.literaturtelefon-online.de\/index.php?rest_route=\/wp\/v2\/pages\/1238"}],"wp:attachment":[{"href":"http:\/\/www.literaturtelefon-online.de\/index.php?rest_route=%2Fwp%2Fv2%2Fmedia&parent=1274"}],"curies":[{"name":"wp","href":"https:\/\/api.w.org\/{rel}","templated":true}]}}