{"id":1232,"date":"2014-04-03T04:59:30","date_gmt":"2014-04-03T02:59:30","guid":{"rendered":"http:\/\/www.literaturtelefon-online.de\/?page_id=1232"},"modified":"2017-12-05T01:11:10","modified_gmt":"2017-12-04T23:11:10","slug":"ken-cockburn","status":"publish","type":"page","link":"http:\/\/www.literaturtelefon-online.de\/?page_id=1232","title":{"rendered":"Ken Cockburn"},"content":{"rendered":"<div style=\"text-align: justify;\">\n<p>Am Literaturtelefon unter 0431\/901-1156 und www.literaturtelefon-online.de liest Ken Cockburn auf Deutsch und Englisch aus seiner Sammlung \u201eDie Stra\u00dfe zum Norden\u201c. Die Aufnahme entstand im Rahmen der Lesung zur \u201eWeltwoche der Poesie\u201c am 25.3.2014 im Literaturhaus Schleswig-Holstein, zu der der Kieler Lyriker Arne Rautenberg Michael Augustin und Ken Cockburn nach Kiel eingeladen hatte.<\/p>\n<p><iframe loading=\"lazy\" title=\"Ken Cockburn: Die Stra\u00dfe zum Norden\" width=\"500\" height=\"375\" src=\"https:\/\/www.youtube.com\/embed\/CAsg6uXx0cA?feature=oembed\" frameborder=\"0\" allow=\"accelerometer; autoplay; clipboard-write; encrypted-media; gyroscope; picture-in-picture; web-share\" referrerpolicy=\"strict-origin-when-cross-origin\" allowfullscreen><\/iframe><\/p>\n<p>Ken Cockburn (geb. 1960) arbeitet regelm\u00e4\u00dfig mit anderen K\u00fcnstlern und Schriftstellern zusammen, besonders mit Alec Finlay, mit dem er 2013 eine lyrische Schottlandreise auf den Spuren Boswells und Johnsons unternahm, von welcher die Website www.theroadnorth.co.uk Zeugnis gibt.<\/p>\n<p><img loading=\"lazy\" decoding=\"async\" style=\"margin-left:40px;\" src=\"http:\/\/www.literaturtelefon-online.de\/wp-content\/uploads\/2014\/04\/ken_cockburn.jpg\" alt=\"ken_cockburn\" width=\"140\" height=\"187\" class=\"alignright size-full wp-image-1236\" \/><\/p>\n<p>\u201eThe Road to North \/ Die Stra\u00dfe zum Norden\u201c ist eine \u201eWord-Map\u201c Schottlands, zusammengestellt von Ken Cockburn und Alec Finlay, reisend durch ihre schottische Heimat, geleitet vom japanischen Dichter Basho, dessen \u201eOku-no-Hosomichi\u201c eines der Meisterwerke der Reiseliteratur ist. Ken und Alec reisten auf dessen Spuren im Jahre 1689. Cockburns und Finlays poetische Reise besteht aus 53 zusammen geschriebenen Gedichten, ver\u00f6ffentlicht als audio-visuelle und hyper-textuelle Poeme, welche die schottische Landschaft und ihre Bewohner beschreiben.<\/p>\n<p>Autor: <a href=\"http:\/\/www.kencockburn.co.uk\" target=\"_blank\">www.kencockburn.co.uk<\/a>, <a href=\"http:\/\/www.theroadnorth.co.uk\" target=\"_blank\">www.theroadnorth.co.uk<\/a><\/p>\n<p>Foto: Birgit Rautenberg<\/p>\n<p>literaturtelefon-online.de | Telefon: 0431\/901-1156\n<\/p><\/div>\n","protected":false},"excerpt":{"rendered":"<p>Am Literaturtelefon unter 0431\/901-1156 und www.literaturtelefon-online.de liest Ken Cockburn auf Deutsch und Englisch aus seiner Sammlung \u201eDie Stra\u00dfe zum Norden\u201c. Die Aufnahme entstand im Rahmen der Lesung zur \u201eWeltwoche der Poesie\u201c am 25.3.2014 im Literaturhaus Schleswig-Holstein, zu der der Kieler Lyriker Arne Rautenberg Michael Augustin und Ken Cockburn nach Kiel eingeladen hatte. Ken Cockburn (geb. [&hellip;]<\/p>\n","protected":false},"author":6,"featured_media":0,"parent":1238,"menu_order":1,"comment_status":"open","ping_status":"open","template":"","meta":{"footnotes":""},"class_list":["post-1232","page","type-page","status-publish","hentry"],"_links":{"self":[{"href":"http:\/\/www.literaturtelefon-online.de\/index.php?rest_route=\/wp\/v2\/pages\/1232","targetHints":{"allow":["GET"]}}],"collection":[{"href":"http:\/\/www.literaturtelefon-online.de\/index.php?rest_route=\/wp\/v2\/pages"}],"about":[{"href":"http:\/\/www.literaturtelefon-online.de\/index.php?rest_route=\/wp\/v2\/types\/page"}],"author":[{"embeddable":true,"href":"http:\/\/www.literaturtelefon-online.de\/index.php?rest_route=\/wp\/v2\/users\/6"}],"replies":[{"embeddable":true,"href":"http:\/\/www.literaturtelefon-online.de\/index.php?rest_route=%2Fwp%2Fv2%2Fcomments&post=1232"}],"version-history":[{"count":6,"href":"http:\/\/www.literaturtelefon-online.de\/index.php?rest_route=\/wp\/v2\/pages\/1232\/revisions"}],"predecessor-version":[{"id":2626,"href":"http:\/\/www.literaturtelefon-online.de\/index.php?rest_route=\/wp\/v2\/pages\/1232\/revisions\/2626"}],"up":[{"embeddable":true,"href":"http:\/\/www.literaturtelefon-online.de\/index.php?rest_route=\/wp\/v2\/pages\/1238"}],"wp:attachment":[{"href":"http:\/\/www.literaturtelefon-online.de\/index.php?rest_route=%2Fwp%2Fv2%2Fmedia&parent=1232"}],"curies":[{"name":"wp","href":"https:\/\/api.w.org\/{rel}","templated":true}]}}