{"id":1221,"date":"2014-04-03T03:28:05","date_gmt":"2014-04-03T01:28:05","guid":{"rendered":"http:\/\/www.literaturtelefon-online.de\/?page_id=1221"},"modified":"2017-12-05T01:10:13","modified_gmt":"2017-12-04T23:10:13","slug":"michael-augustin","status":"publish","type":"page","link":"http:\/\/www.literaturtelefon-online.de\/?page_id=1221","title":{"rendered":"Michael Augustin"},"content":{"rendered":"<div style=\"text-align: justify;\">\n<p>Am Literaturtelefon unter 0431\/901-1156 und www.literaturtelefon-online.de liest der Gr\u00fcnder des Literaturtelefons Kiel Michael Augustin unver\u00f6ffentlichte Gedichte sowie einige aus seiner 2007 in der Edition Temmen erschienenen Sammlung \u201eNur die Urne schwimmt \u2013 Das Beste &#038; Neueste\u201c. Die Aufnahme entstand im Rahmen der Lesung zur \u201eWeltwoche der Poesie\u201c am 25.3.2014 im Literaturhaus Schleswig-Holstein, zu der der Kieler Lyriker Arne Rautenberg Augustin und den schottischen Dichter Ken Cockburn (den wir demn\u00e4chst am Literaturtelefon pr\u00e4sentieren) geladen hatte.<\/p>\n<p><iframe loading=\"lazy\" title=\"Michael Augustin: unvero\u0308ffentlichte Gedichte\" width=\"500\" height=\"375\" src=\"https:\/\/www.youtube.com\/embed\/wloa1mYHeVI?feature=oembed\" frameborder=\"0\" allow=\"accelerometer; autoplay; clipboard-write; encrypted-media; gyroscope; picture-in-picture; web-share\" referrerpolicy=\"strict-origin-when-cross-origin\" allowfullscreen><\/iframe><\/p>\n<p>Der Hebbel-Preistr\u00e4ger Michael Augustin, Leiter des Internationalen Literaturfestivals \u201ePoetry on the Road\u201c in Bremen, pr\u00e4sentiert alle zwei Wochen bei Radio Bremen die legend\u00e4re Lyriksendung \u201eFundsachen\u201c. 1953 in L\u00fcbeck geboren, studierte er in Kiel und Dublin deutsche und englische Philologie und gr\u00fcndete 1978 das erste Literaturtelefon Deutschlands in Kiel (zur Geschichte vgl. hier). Er ist somit der \u201eGodfather\u201c aller deutschsprachigen Literaturtelefone, von denen das in Kiel als eines der wenigen \u00fcbrig gebliebenen noch heute existiert. Er lebt und arbeitet in Bremen als freier Schriftsteller, \u00dcbersetzer und Rundfunkredakteur bei Radio Bremen (Feature\/Literatur).<\/p>\n<p><img loading=\"lazy\" decoding=\"async\" style=\"margin-left:40px;\" src=\"http:\/\/www.literaturtelefon-online.de\/wp-content\/uploads\/2014\/04\/michael_augustin.jpg\" alt=\"michael_augustin\" width=\"140\" height=\"177\" class=\"alignright size-full wp-image-1225\" \/><\/p>\n<p>Auszeichnungen\/Preise (Auswahl): Friedrich-Hebbel-Preis (1976). Kurt-Magnus-Preis der ARD (1982). Honorary Fellow Writing, Iowa\/USA (1984). Amsterdam-Stipendium der Stichting Culturele Uitwisseling (1986). Writer in Residence und Gastprofessor am Dickinson College, USA (2003\/2004). Writer in Residence, University of Bath\/England (2006).<\/p>\n<p>Aus Anlass des damals 30. Jubil\u00e4ums des Literaturtelefons Kiel war Augustin im <a href=\"http:\/\/www.literaturtelefon-online.de\/beitrag-augustin\/beitrag-augustin.php\">Januar 2008<\/a> zuletzt am Literaturtelefon zu h\u00f6ren. Wir freuen uns, ihn heuer erneut mit einer Lesung zu Geh\u00f6r bringen zu k\u00f6nnen.<\/p>\n<p>Foto: Jenny Augustin<\/p>\n<p>literaturtelefon-online.de | Telefon: 0431\/901-1156\n<\/p><\/div>\n","protected":false},"excerpt":{"rendered":"<p>Am Literaturtelefon unter 0431\/901-1156 und www.literaturtelefon-online.de liest der Gr\u00fcnder des Literaturtelefons Kiel Michael Augustin unver\u00f6ffentlichte Gedichte sowie einige aus seiner 2007 in der Edition Temmen erschienenen Sammlung \u201eNur die Urne schwimmt \u2013 Das Beste &#038; Neueste\u201c. Die Aufnahme entstand im Rahmen der Lesung zur \u201eWeltwoche der Poesie\u201c am 25.3.2014 im Literaturhaus Schleswig-Holstein, zu der der [&hellip;]<\/p>\n","protected":false},"author":6,"featured_media":0,"parent":1213,"menu_order":2,"comment_status":"open","ping_status":"open","template":"","meta":{"footnotes":""},"class_list":["post-1221","page","type-page","status-publish","hentry"],"_links":{"self":[{"href":"http:\/\/www.literaturtelefon-online.de\/index.php?rest_route=\/wp\/v2\/pages\/1221","targetHints":{"allow":["GET"]}}],"collection":[{"href":"http:\/\/www.literaturtelefon-online.de\/index.php?rest_route=\/wp\/v2\/pages"}],"about":[{"href":"http:\/\/www.literaturtelefon-online.de\/index.php?rest_route=\/wp\/v2\/types\/page"}],"author":[{"embeddable":true,"href":"http:\/\/www.literaturtelefon-online.de\/index.php?rest_route=\/wp\/v2\/users\/6"}],"replies":[{"embeddable":true,"href":"http:\/\/www.literaturtelefon-online.de\/index.php?rest_route=%2Fwp%2Fv2%2Fcomments&post=1221"}],"version-history":[{"count":7,"href":"http:\/\/www.literaturtelefon-online.de\/index.php?rest_route=\/wp\/v2\/pages\/1221\/revisions"}],"predecessor-version":[{"id":2625,"href":"http:\/\/www.literaturtelefon-online.de\/index.php?rest_route=\/wp\/v2\/pages\/1221\/revisions\/2625"}],"up":[{"embeddable":true,"href":"http:\/\/www.literaturtelefon-online.de\/index.php?rest_route=\/wp\/v2\/pages\/1213"}],"wp:attachment":[{"href":"http:\/\/www.literaturtelefon-online.de\/index.php?rest_route=%2Fwp%2Fv2%2Fmedia&parent=1221"}],"curies":[{"name":"wp","href":"https:\/\/api.w.org\/{rel}","templated":true}]}}