{"id":1206,"date":"2014-04-03T01:23:48","date_gmt":"2014-04-02T23:23:48","guid":{"rendered":"http:\/\/www.literaturtelefon-online.de\/?page_id=1206"},"modified":"2017-12-05T01:08:25","modified_gmt":"2017-12-04T23:08:25","slug":"ingrid-glienke","status":"publish","type":"page","link":"http:\/\/www.literaturtelefon-online.de\/?page_id=1206","title":{"rendered":"Ingrid Glienke"},"content":{"rendered":"<div style=\"text-align: justify;\">\n<p>Am Literaturtelefon unter 0431\/901-1156 und www.literaturtelefon-online.de liest Ingrid Glienke aus ihrem 2013 im Verlag Anton G. Leitner erschienenen Lyrikband \u201eSeptemberroad\u201c. Die Aufnahme entstand im Rahmen der Lesung \u201eLyrik im Gespr\u00e4ch\u201c im Literaturhaus Schleswig-Holstein am 25.9.2013.<\/p>\n<p><iframe loading=\"lazy\" title=\"Ingrid Glienke   &quot;Septemberroad&quot;\" width=\"500\" height=\"375\" src=\"https:\/\/www.youtube.com\/embed\/LLXczNGmTew?feature=oembed\" frameborder=\"0\" allow=\"accelerometer; autoplay; clipboard-write; encrypted-media; gyroscope; picture-in-picture; web-share\" referrerpolicy=\"strict-origin-when-cross-origin\" allowfullscreen><\/iframe><\/p>\n<p>Mit offenen Sinnen begibt sich Ingrid Glienke in \u201eSeptemberroad\u201c auf ihre poetische Lebensreise. In ihren scharf umrissenen Verslandschaften ist der Mensch nur zu Gast. An Str\u00e4nden, auf Flugh\u00e4fen oder allein vor der Schreibmaschine versucht er, sich \u00fcber eine intensive Wahrnehmung in seiner machtvollen Umwelt zu verankern.<\/p>\n<p><img loading=\"lazy\" decoding=\"async\" style=\"margin-left:40px;\" src=\"http:\/\/www.literaturtelefon-online.de\/wp-content\/uploads\/2014\/04\/ingrid_glienke.jpg\" alt=\"ingrid_glienke\" width=\"140\" height=\"175\" class=\"alignright size-full wp-image-1209\" \/><\/p>\n<p>Ingrid Glienke (geb. 1951 in Eckernf\u00f6rde) studierte Nordistik und Anglistik in Kiel und Canberra sowie Creative Writing (MA) am Birkbeck College, University of London. Nach l\u00e4ngeren Aufenthalten in Australien und Gro\u00dfbritannien lebte sie 20 Jahre in der Holsteinischen Schweiz. Heute wohnt Ingrid Glienke in Kiel. Sie arbeitet als \u00dcbersetzerin und Lektorin. Ihre Gedichte und Kurzprosa erschienen bislang in Anthologien und Zeitschriften. \u201eSeptemberroad\u201c ist ihre erste Lyrik-Monografie.<\/p>\n<p>Verlag: <a href=\"http:\/\/www.aglv.com\/shop\/article_066\/Ingrid-Glienke%3A-Septemberroad.html?shop_param=cid%3D1%26aid%3D066%26\" target=\"_blank\">Verlag Anton G. Leitner<\/a><\/p>\n<p>Foto: Ute Boeters<\/p>\n<p>literaturtelefon-online.de | Telefon: 0431\/901-1156\n<\/p><\/div>\n","protected":false},"excerpt":{"rendered":"<p>Am Literaturtelefon unter 0431\/901-1156 und www.literaturtelefon-online.de liest Ingrid Glienke aus ihrem 2013 im Verlag Anton G. Leitner erschienenen Lyrikband \u201eSeptemberroad\u201c. Die Aufnahme entstand im Rahmen der Lesung \u201eLyrik im Gespr\u00e4ch\u201c im Literaturhaus Schleswig-Holstein am 25.9.2013. Mit offenen Sinnen begibt sich Ingrid Glienke in \u201eSeptemberroad\u201c auf ihre poetische Lebensreise. In ihren scharf umrissenen Verslandschaften ist der [&hellip;]<\/p>\n","protected":false},"author":6,"featured_media":0,"parent":1184,"menu_order":2,"comment_status":"open","ping_status":"open","template":"","meta":{"footnotes":""},"class_list":["post-1206","page","type-page","status-publish","hentry"],"_links":{"self":[{"href":"http:\/\/www.literaturtelefon-online.de\/index.php?rest_route=\/wp\/v2\/pages\/1206","targetHints":{"allow":["GET"]}}],"collection":[{"href":"http:\/\/www.literaturtelefon-online.de\/index.php?rest_route=\/wp\/v2\/pages"}],"about":[{"href":"http:\/\/www.literaturtelefon-online.de\/index.php?rest_route=\/wp\/v2\/types\/page"}],"author":[{"embeddable":true,"href":"http:\/\/www.literaturtelefon-online.de\/index.php?rest_route=\/wp\/v2\/users\/6"}],"replies":[{"embeddable":true,"href":"http:\/\/www.literaturtelefon-online.de\/index.php?rest_route=%2Fwp%2Fv2%2Fcomments&post=1206"}],"version-history":[{"count":10,"href":"http:\/\/www.literaturtelefon-online.de\/index.php?rest_route=\/wp\/v2\/pages\/1206\/revisions"}],"predecessor-version":[{"id":2623,"href":"http:\/\/www.literaturtelefon-online.de\/index.php?rest_route=\/wp\/v2\/pages\/1206\/revisions\/2623"}],"up":[{"embeddable":true,"href":"http:\/\/www.literaturtelefon-online.de\/index.php?rest_route=\/wp\/v2\/pages\/1184"}],"wp:attachment":[{"href":"http:\/\/www.literaturtelefon-online.de\/index.php?rest_route=%2Fwp%2Fv2%2Fmedia&parent=1206"}],"curies":[{"name":"wp","href":"https:\/\/api.w.org\/{rel}","templated":true}]}}