{"id":1175,"date":"2014-03-02T23:49:41","date_gmt":"2014-03-02T21:49:41","guid":{"rendered":"http:\/\/www.literaturtelefon-online.de\/?page_id=1175"},"modified":"2017-12-05T01:06:40","modified_gmt":"2017-12-04T23:06:40","slug":"pyotr-magnus-nedov","status":"publish","type":"page","link":"http:\/\/www.literaturtelefon-online.de\/?page_id=1175","title":{"rendered":"Pyotr Magnus Nedov"},"content":{"rendered":"<div style=\"text-align: justify;\">\n<p>Am Literaturtelefon unter 0431\/901-1156 und www.literaturtelefon-online.de liest Pyotr Magnus Nedov aus seinem im Dumont Buchverlag erschienenen Roman \u201eZuckerleben\u201c. Die Aufnahme entstand im Rahmen de LeseLounge im Literaturhaus Schleswig-Holstein am 5.2.2014.<\/p>\n<p><iframe loading=\"lazy\" title=\"Pyotr Magnus Nedov: \u201eZuckerleben&quot;\" width=\"500\" height=\"375\" src=\"https:\/\/www.youtube.com\/embed\/iOu3wPdJDTw?feature=oembed\" frameborder=\"0\" allow=\"accelerometer; autoplay; clipboard-write; encrypted-media; gyroscope; picture-in-picture; web-share\" referrerpolicy=\"strict-origin-when-cross-origin\" allowfullscreen><\/iframe><\/p>\n<p>Pyotr Magnus Nedov verwebt in seinem Roman zwei Erz\u00e4hlstr\u00e4nge aus unterschiedlichen Zeiten. Im Jahr 2011 ist der Moldawier Tolyan Andreewitsch mit seinem Ford Transit unterwegs durch das krisengesch\u00fcttelte Italien. Dabei \u00fcberf\u00e4hrt er um ein Haar ein junges italienisches Paar, das sich gemeinsam das Leben nehmen will. Die beiden Teenager haben gerade ihren Arbeitsplatz in der Zuckerfabrik verloren. Um ihnen neuen Lebensmut einzuhauchen, erz\u00e4hlt Andreewitsch ihnen die Geschichte seiner Jugend: Im Jahr 1991, in der moldawischen SSR, beginnt die Jagd auf die 40 Tonnen Zucker des verschollenen Zuckerfabrikdirektors. Der junge Spekulant Pitirim Tutunaru will sich damit den Traum von einem sorgenfreien Leben in Italien erf\u00fcllen. Mit Tempo und Witz schildert Pyotr Magnus Nedov die Umbr\u00fcche in Europa.<\/p>\n<p><img loading=\"lazy\" decoding=\"async\" style=\"margin-left:40px;\" src=\"http:\/\/www.literaturtelefon-online.de\/wp-content\/uploads\/2014\/03\/pyotr_magnus_nedov.jpg\" alt=\"pyotr_magnus_nedov\" width=\"140\" height=\"199\" class=\"alignright size-full wp-image-1177\" \/><\/p>\n<p>Pyotr Magnus Nedov wurde 1982 in der Sowjetunion geboren, wuchs in Moldawien, Rum\u00e4nien und \u00d6sterreich auf und lebt in K\u00f6ln. Er studierte Keltologie, Romanistik und Filmregie in Wien, Paris, Moskau, Montreal und K\u00f6ln. Nedov ist promovierter Filmwissenschaftler, Autor und Regisseur und arbeitete zuletzt als Arch\u00e4ologe im Ausgrabungsareal rund um den K\u00f6lner Rathausplatz.<\/p>\n<p>Verlag: <a href=\"http:\/\/www.dumont-buchverlag.de\/buch\/Pyotr_Magnus_Nedov_Zuckerleben\/12209\" target=\"_blank\">www.dumont-buchverlag.de<\/a><\/p>\n<p>Foto: Leo M. Bruges<\/p>\n<p>literaturtelefon-online.de | Telefon: 0431\/901-1156\n<\/p><\/div>\n","protected":false},"excerpt":{"rendered":"<p>Am Literaturtelefon unter 0431\/901-1156 und www.literaturtelefon-online.de liest Pyotr Magnus Nedov aus seinem im Dumont Buchverlag erschienenen Roman \u201eZuckerleben\u201c. Die Aufnahme entstand im Rahmen de LeseLounge im Literaturhaus Schleswig-Holstein am 5.2.2014. Pyotr Magnus Nedov verwebt in seinem Roman zwei Erz\u00e4hlstr\u00e4nge aus unterschiedlichen Zeiten. Im Jahr 2011 ist der Moldawier Tolyan Andreewitsch mit seinem Ford Transit unterwegs [&hellip;]<\/p>\n","protected":false},"author":6,"featured_media":0,"parent":1159,"menu_order":2,"comment_status":"open","ping_status":"open","template":"","meta":{"footnotes":""},"class_list":["post-1175","page","type-page","status-publish","hentry"],"_links":{"self":[{"href":"http:\/\/www.literaturtelefon-online.de\/index.php?rest_route=\/wp\/v2\/pages\/1175","targetHints":{"allow":["GET"]}}],"collection":[{"href":"http:\/\/www.literaturtelefon-online.de\/index.php?rest_route=\/wp\/v2\/pages"}],"about":[{"href":"http:\/\/www.literaturtelefon-online.de\/index.php?rest_route=\/wp\/v2\/types\/page"}],"author":[{"embeddable":true,"href":"http:\/\/www.literaturtelefon-online.de\/index.php?rest_route=\/wp\/v2\/users\/6"}],"replies":[{"embeddable":true,"href":"http:\/\/www.literaturtelefon-online.de\/index.php?rest_route=%2Fwp%2Fv2%2Fcomments&post=1175"}],"version-history":[{"count":5,"href":"http:\/\/www.literaturtelefon-online.de\/index.php?rest_route=\/wp\/v2\/pages\/1175\/revisions"}],"predecessor-version":[{"id":2621,"href":"http:\/\/www.literaturtelefon-online.de\/index.php?rest_route=\/wp\/v2\/pages\/1175\/revisions\/2621"}],"up":[{"embeddable":true,"href":"http:\/\/www.literaturtelefon-online.de\/index.php?rest_route=\/wp\/v2\/pages\/1159"}],"wp:attachment":[{"href":"http:\/\/www.literaturtelefon-online.de\/index.php?rest_route=%2Fwp%2Fv2%2Fmedia&parent=1175"}],"curies":[{"name":"wp","href":"https:\/\/api.w.org\/{rel}","templated":true}]}}