{"id":1144,"date":"2014-02-03T23:56:10","date_gmt":"2014-02-03T21:56:10","guid":{"rendered":"http:\/\/www.literaturtelefon-online.de\/?page_id=1144"},"modified":"2017-11-24T22:20:56","modified_gmt":"2017-11-24T20:20:56","slug":"mirko-bonne","status":"publish","type":"page","link":"http:\/\/www.literaturtelefon-online.de\/?page_id=1144","title":{"rendered":"Mirko Bonn\u00e9"},"content":{"rendered":"<div style=\"text-align: justify;\">\nAm Literaturtelefon unter 0431\/901-1156 und www.literaturtelefon-online.de liest Mirko Bonn\u00e9 aus seinem im Verlag Sch\u00f6ffling &amp; Co. erschienenen Roman \u201eNie mehr Nacht\u201c. Die Aufnahme entstand im Rahmen einer Lesung im Literaturhaus Schleswig-Holstein am 30.1.2014.<\/p>\n<p><iframe loading=\"lazy\" title=\"Mirko Bonne\u0301: \u201eNie mehr Nacht&quot;\" width=\"500\" height=\"375\" src=\"https:\/\/www.youtube.com\/embed\/QDqwNG-XkDA?feature=oembed\" frameborder=\"0\" allow=\"accelerometer; autoplay; clipboard-write; encrypted-media; gyroscope; picture-in-picture; web-share\" referrerpolicy=\"strict-origin-when-cross-origin\" allowfullscreen><\/iframe><\/p>\n<p>Wie in seinem einf\u00fchlsamen Erinnerungsroman an Albert Camus \u201eWie wir verschwinden\u201c reist Mirko Bonn\u00e9 in seinem neuen Roman \u201eNie mehr Nacht\u201c literarisch wieder nach Frankreich: Der Protagonist Markus Lee begibt sich gemeinsam mit seinem Neffen Jesse in die Normandie, um f\u00fcr ein Kunstmagazin Br\u00fccken zu zeichnen, die bei der Landung der Alliierten im Sommer 1944 eine entscheidende Rolle spielten. \u00dcberschattet wird die Reise von der Trauer um Jesses Mutter, deren Suizid die beiden verwinden m\u00fcssen. In der verwunschenen Atmosph\u00e4re des verlassenen Strandhotels L\u2019 Angleterre entwickelt sich der geplante einw\u00f6chige Aufenthalt zu einer monatelangen Auszeit, die f\u00fcr Markus einen Wendepunkt im Leben markiert. Denn w\u00e4hrend mit dem Zeichnen ein dramatisches Kapitel europ\u00e4ischer Geschichte auf unheimliche Weise in ihm auflebt, stellt auch er sich einem Trauma der eigenen Jugend und den Abgr\u00fcnden seiner Familie.<\/p>\n<p><img loading=\"lazy\" decoding=\"async\" class=\"alignright size-full wp-image-445\" style=\"margin-left: 40px;\" title=\"Mirko Bonne\" src=\"http:\/\/www.literaturtelefon-online.de\/wp-content\/uploads\/2012\/12\/mirko_bonne.jpg\" alt=\"Mirko Bonne\" width=\"140\" height=\"198\" \/><\/p>\n<p>Mirko Bonn\u00e9 (geb. 1965) lebt in Hamburg. Neben \u00dcbersetzungen der Lyrik von u.a. John Keats, E. E. Cummings, William Butler Yeats und Robert Creeley ver\u00f6ffentlichte er die Romane \u201eDer junge Fordt\u201c (1999), \u201eEin langsamer Sturz\u201c (2002), \u201eDer eiskalte Himmel\u201c (2006) und \u201eWie wir verschwinden\u201c (2009) sowie vier Gedichtb\u00e4nde, zuletzt \u201eDie Republik der Silberfische\u201c (2008) und \u201eTraklpark\u201c (2012), womit er auch <a href=\"http:\/\/www.literaturtelefon-online.de\/?page_id=535\">am Literaturtelefon zu h\u00f6ren<\/a> war. Er wurde u.a. mit dem Wolfgang Weyrauch-Preis, dem Prix Relay du Roman d\u2019Evasion und dem Ernst Meister-F\u00f6rderpreis ausgezeichnet. Sein neuer Roman \u201eNie mehr Nacht\u201c stand auf der Shortlist des Deutschen Buchpreises 2013.<\/p>\n<p>Autor: <a href=\"http:\/\/mirko-bonne.de\/\" target=\"_blank\" rel=\"noopener\">www.mirko-bonne.de<\/a><br \/>\nVerlag: <a href=\"http:\/\/www.schoeffling.de\/buecher\/mirko-bonn\u00e9\/nie-mehr-nacht\" target=\"_blank\" rel=\"noopener\">Sch\u00f6ffling &amp; Co.<\/a><\/p>\n<p>Foto: Sabine Bonn\u00e9<\/p>\n<p>literaturtelefon-online.de | Telefon: 0431\/901-1156<\/p>\n<\/div>\n","protected":false},"excerpt":{"rendered":"<p>Am Literaturtelefon unter 0431\/901-1156 und www.literaturtelefon-online.de liest Mirko Bonn\u00e9 aus seinem im Verlag Sch\u00f6ffling &amp; Co. erschienenen Roman \u201eNie mehr Nacht\u201c. Die Aufnahme entstand im Rahmen einer Lesung im Literaturhaus Schleswig-Holstein am 30.1.2014. Wie in seinem einf\u00fchlsamen Erinnerungsroman an Albert Camus \u201eWie wir verschwinden\u201c reist Mirko Bonn\u00e9 in seinem neuen Roman \u201eNie mehr Nacht\u201c literarisch [&hellip;]<\/p>\n","protected":false},"author":6,"featured_media":0,"parent":1135,"menu_order":2,"comment_status":"open","ping_status":"open","template":"","meta":{"footnotes":""},"class_list":["post-1144","page","type-page","status-publish","hentry"],"_links":{"self":[{"href":"http:\/\/www.literaturtelefon-online.de\/index.php?rest_route=\/wp\/v2\/pages\/1144","targetHints":{"allow":["GET"]}}],"collection":[{"href":"http:\/\/www.literaturtelefon-online.de\/index.php?rest_route=\/wp\/v2\/pages"}],"about":[{"href":"http:\/\/www.literaturtelefon-online.de\/index.php?rest_route=\/wp\/v2\/types\/page"}],"author":[{"embeddable":true,"href":"http:\/\/www.literaturtelefon-online.de\/index.php?rest_route=\/wp\/v2\/users\/6"}],"replies":[{"embeddable":true,"href":"http:\/\/www.literaturtelefon-online.de\/index.php?rest_route=%2Fwp%2Fv2%2Fcomments&post=1144"}],"version-history":[{"count":11,"href":"http:\/\/www.literaturtelefon-online.de\/index.php?rest_route=\/wp\/v2\/pages\/1144\/revisions"}],"predecessor-version":[{"id":2597,"href":"http:\/\/www.literaturtelefon-online.de\/index.php?rest_route=\/wp\/v2\/pages\/1144\/revisions\/2597"}],"up":[{"embeddable":true,"href":"http:\/\/www.literaturtelefon-online.de\/index.php?rest_route=\/wp\/v2\/pages\/1135"}],"wp:attachment":[{"href":"http:\/\/www.literaturtelefon-online.de\/index.php?rest_route=%2Fwp%2Fv2%2Fmedia&parent=1144"}],"curies":[{"name":"wp","href":"https:\/\/api.w.org\/{rel}","templated":true}]}}