{"id":1111,"date":"2014-01-06T13:12:11","date_gmt":"2014-01-06T11:12:11","guid":{"rendered":"http:\/\/www.literaturtelefon-online.de\/?page_id=1111"},"modified":"2017-12-05T01:03:21","modified_gmt":"2017-12-04T23:03:21","slug":"andreas-hamer","status":"publish","type":"page","link":"http:\/\/www.literaturtelefon-online.de\/?page_id=1111","title":{"rendered":"Andreas Hamer"},"content":{"rendered":"<div style=\"text-align: justify;\">\n<p>Am Literaturtelefon unter 0431\/901-1156 und www.literaturtelefon-online.de liest Andreas Hamer das Kapitel \u201eDie Reise nach Kayseri\u201c aus seinem Buch \u201eTrevor Bones \u2013 Reiseerinnerungen\u201c. Die Aufnahme entstand live beim JazzSlam am 28.12.2013 im Kieler STATT-Caf\u00e9.<\/p>\n<p><iframe loading=\"lazy\" title=\"Andreas Hamer: \u201eDie Reise nach Kayseri&quot;\" width=\"500\" height=\"375\" src=\"https:\/\/www.youtube.com\/embed\/wvRgbYR2Eww?feature=oembed\" frameborder=\"0\" allow=\"accelerometer; autoplay; clipboard-write; encrypted-media; gyroscope; picture-in-picture; web-share\" referrerpolicy=\"strict-origin-when-cross-origin\" allowfullscreen><\/iframe><\/p>\n<p>Andreas Hamer wohnt in der dithmarscher 200-Seelen-Gemeinde Hellschen-Heringsand-Unterschaar, woher es nicht viel zu erz\u00e4hlen gibt. Deshalb schl\u00fcpft er in seinen Geschichten gern in die Rolle seines Alter Egos Trevor Bones, der umso weitgereister ist.<\/p>\n<p>Bones schreibt im Vorwort zu seinen Reiseerinnerungen treffend: \u201eAlles was ich in diesem Buch aufgeschrieben habe, entspricht meinen wahren Erinnerungen. Die Erlebnisse habe ich so geschildert, wie sie sich, nach meinem Wissen, zugetragen haben.<\/p>\n<p><img loading=\"lazy\" decoding=\"async\" style=\"margin-left: 40px;\" src=\"http:\/\/www.literaturtelefon-online.de\/wp-content\/uploads\/2014\/01\/andreas_hamer.jpg\" alt=\"andreas_hamer\" width=\"140\" height=\"178\" class=\"alignright size-full wp-image-1117\" \/><\/p>\n<p>Sie sind nicht vollst\u00e4ndig und es gibt noch vieles zu erz\u00e4hlen, vieles was ich gesehen und erfahren habe. Sch\u00f6nes und Schreckliches, Leises und Lautes. Ein Leben voll von Erinnerungen.\u201c<\/p>\n<p>literaturtelefon-online.de | Telefon: 0431\/901-1156<\/p>\n<\/div>\n","protected":false},"excerpt":{"rendered":"<p>Am Literaturtelefon unter 0431\/901-1156 und www.literaturtelefon-online.de liest Andreas Hamer das Kapitel \u201eDie Reise nach Kayseri\u201c aus seinem Buch \u201eTrevor Bones \u2013 Reiseerinnerungen\u201c. Die Aufnahme entstand live beim JazzSlam am 28.12.2013 im Kieler STATT-Caf\u00e9. Andreas Hamer wohnt in der dithmarscher 200-Seelen-Gemeinde Hellschen-Heringsand-Unterschaar, woher es nicht viel zu erz\u00e4hlen gibt. Deshalb schl\u00fcpft er in seinen Geschichten gern [&hellip;]<\/p>\n","protected":false},"author":6,"featured_media":0,"parent":1109,"menu_order":1,"comment_status":"open","ping_status":"open","template":"","meta":{"footnotes":""},"class_list":["post-1111","page","type-page","status-publish","hentry"],"_links":{"self":[{"href":"http:\/\/www.literaturtelefon-online.de\/index.php?rest_route=\/wp\/v2\/pages\/1111","targetHints":{"allow":["GET"]}}],"collection":[{"href":"http:\/\/www.literaturtelefon-online.de\/index.php?rest_route=\/wp\/v2\/pages"}],"about":[{"href":"http:\/\/www.literaturtelefon-online.de\/index.php?rest_route=\/wp\/v2\/types\/page"}],"author":[{"embeddable":true,"href":"http:\/\/www.literaturtelefon-online.de\/index.php?rest_route=\/wp\/v2\/users\/6"}],"replies":[{"embeddable":true,"href":"http:\/\/www.literaturtelefon-online.de\/index.php?rest_route=%2Fwp%2Fv2%2Fcomments&post=1111"}],"version-history":[{"count":10,"href":"http:\/\/www.literaturtelefon-online.de\/index.php?rest_route=\/wp\/v2\/pages\/1111\/revisions"}],"predecessor-version":[{"id":2618,"href":"http:\/\/www.literaturtelefon-online.de\/index.php?rest_route=\/wp\/v2\/pages\/1111\/revisions\/2618"}],"up":[{"embeddable":true,"href":"http:\/\/www.literaturtelefon-online.de\/index.php?rest_route=\/wp\/v2\/pages\/1109"}],"wp:attachment":[{"href":"http:\/\/www.literaturtelefon-online.de\/index.php?rest_route=%2Fwp%2Fv2%2Fmedia&parent=1111"}],"curies":[{"name":"wp","href":"https:\/\/api.w.org\/{rel}","templated":true}]}}