{"id":1043,"date":"2013-10-17T01:34:15","date_gmt":"2013-10-16T23:34:15","guid":{"rendered":"http:\/\/www.literaturtelefon-online.de\/?page_id=1043"},"modified":"2021-11-20T21:14:58","modified_gmt":"2021-11-20T19:14:58","slug":"heiner-egge","status":"publish","type":"page","link":"http:\/\/www.literaturtelefon-online.de\/?page_id=1043","title":{"rendered":"Heiner Egge"},"content":{"rendered":"<div style=\"text-align: justify;\">\n<p>Am Literaturtelefon unter 0431\/901-1156 und www.literaturtelefon-online.de liest Heiner Egge aus seinem im Juni 2013 im Verlag Atelier im Bauernhaus, Fischerhude, erschienenen Roman \u201eTanz ohne Seil\u201c. Die Aufnahme entstand im Rahmen seiner Lesung im Literaturhaus Schleswig-Holstein am 16.10.2013.<\/p>\n<p><iframe loading=\"lazy\" title=\"Heiner Egge   &quot;Tanz ohne Seil&quot;\" width=\"500\" height=\"375\" src=\"https:\/\/www.youtube.com\/embed\/J4oWBdDaMHU?feature=oembed\" frameborder=\"0\" allow=\"accelerometer; autoplay; clipboard-write; encrypted-media; gyroscope; picture-in-picture; web-share\" referrerpolicy=\"strict-origin-when-cross-origin\" allowfullscreen><\/iframe><\/p>\n<p>\u201eWas geht nun wieder in unserer Tochter vor?\u201c, wundern sich Achim und Lilly, der umst\u00e4ndliche Buchh\u00e4ndler und die begnadete Schneiderin. Eigentlich haben sie in der l\u00e4ndlichen Idylle von Brandmoor gesiedelt, um den Sehnsuchtsblick aus dem Fenster genie\u00dfen zu k\u00f6nnen. Doch wenn es um Trissa, das \u00e4lteste ihrer drei Kinder, geht, geraten die Eltern immer wieder an ihre Grenzen \u2013 und dar\u00fcber hinaus. Trissa aber hat alle F\u00e4den in der Hand, verschwindet, wie und wann sie will. Nicht einmal vor dem M\u00e4dchensammler f\u00fcrchtet sie sich. Und als einer wie Tschingis auftaucht, bringt sie mit ihm zusammen ihr Pferd durch. Trissa raubt ihrer Familie die ahnungslose Ruhe und, wenn es sein muss, sogar den eigenen Vater. M\u00e4rchenhaft, halsbrecherisch und voller Poesie erz\u00e4hlt Heiner Egge die Geschichte einer unberechenbaren Tr\u00e4umerin.<\/p>\n<p><img loading=\"lazy\" decoding=\"async\" class=\"alignright size-full wp-image-1045\" style=\"margin-left: 40px;\" alt=\"heiner_egge\" src=\"http:\/\/www.literaturtelefon-online.de\/wp-content\/uploads\/2013\/10\/heiner_egge.jpg\" width=\"140\" height=\"206\" \/><\/p>\n<p>Heiner Egges Werk ist stark von seiner Heimat Dithmarschen gepr\u00e4gt. Er ver\u00f6ffentlichte Erz\u00e4hlungen, Dramentexte und Romane, zuletzt \u201eDer Eiderbote\u201c und \u201eDie Fu\u00dfreise\u201c sowie \u201eTilas Farben\u201c, worin sich der Erz\u00e4hler und eine fiktive Urenkelin auf die Lebensspuren der Malerin Ottilie Reylaender begeben, die von Worpswede aus nach Paris und M\u00fcnchen und letztendlich nach Mexiko f\u00fchren.<\/p>\n<p>Verlag: <a href=\"http:\/\/www.atelierbauernhaus.de\/Atelier_im_Bauernhaus\/Neuerscheinungen\/Eintrage\/2013\/6\/14_Heiner_Egge_Tanz_ohne_Seil.html\" target=\"_blank\" rel=\"noopener\">Atelier im Bauernhaus, Fischerhude<\/a><\/p>\n<p><a href=\"http:\/\/de.wikipedia.org\/wiki\/Heiner_Egge\" target=\"_blank\" rel=\"noopener\">Wikipedia \u00fcber Heiner Egge<\/a><\/p>\n<p>Foto: \u00f6gyr<\/p>\n<p>literaturtelefon-online.de | Telefon: 0431\/901-1156<\/p>\n<\/div>\n","protected":false},"excerpt":{"rendered":"<p>Am Literaturtelefon unter 0431\/901-1156 und www.literaturtelefon-online.de liest Heiner Egge aus seinem im Juni 2013 im Verlag Atelier im Bauernhaus, Fischerhude, erschienenen Roman \u201eTanz ohne Seil\u201c. Die Aufnahme entstand im Rahmen seiner Lesung im Literaturhaus Schleswig-Holstein am 16.10.2013. \u201eWas geht nun wieder in unserer Tochter vor?\u201c, wundern sich Achim und Lilly, der umst\u00e4ndliche Buchh\u00e4ndler und die [&hellip;]<\/p>\n","protected":false},"author":6,"featured_media":0,"parent":1057,"menu_order":1,"comment_status":"open","ping_status":"open","template":"","meta":{"footnotes":""},"class_list":["post-1043","page","type-page","status-publish","hentry"],"_links":{"self":[{"href":"http:\/\/www.literaturtelefon-online.de\/index.php?rest_route=\/wp\/v2\/pages\/1043","targetHints":{"allow":["GET"]}}],"collection":[{"href":"http:\/\/www.literaturtelefon-online.de\/index.php?rest_route=\/wp\/v2\/pages"}],"about":[{"href":"http:\/\/www.literaturtelefon-online.de\/index.php?rest_route=\/wp\/v2\/types\/page"}],"author":[{"embeddable":true,"href":"http:\/\/www.literaturtelefon-online.de\/index.php?rest_route=\/wp\/v2\/users\/6"}],"replies":[{"embeddable":true,"href":"http:\/\/www.literaturtelefon-online.de\/index.php?rest_route=%2Fwp%2Fv2%2Fcomments&post=1043"}],"version-history":[{"count":8,"href":"http:\/\/www.literaturtelefon-online.de\/index.php?rest_route=\/wp\/v2\/pages\/1043\/revisions"}],"predecessor-version":[{"id":4191,"href":"http:\/\/www.literaturtelefon-online.de\/index.php?rest_route=\/wp\/v2\/pages\/1043\/revisions\/4191"}],"up":[{"embeddable":true,"href":"http:\/\/www.literaturtelefon-online.de\/index.php?rest_route=\/wp\/v2\/pages\/1057"}],"wp:attachment":[{"href":"http:\/\/www.literaturtelefon-online.de\/index.php?rest_route=%2Fwp%2Fv2%2Fmedia&parent=1043"}],"curies":[{"name":"wp","href":"https:\/\/api.w.org\/{rel}","templated":true}]}}